{"id":48148,"date":"2024-02-06T09:45:32","date_gmt":"2023-10-05T13:08:37","guid":{"rendered":"https:\/\/langedykvintagewatches.com\/?post_type=product&#038;p=48148"},"modified":"2024-02-07T11:02:45","modified_gmt":"2024-02-07T11:02:45","slug":"rolex-day-date-18238-1989-2","status":"publish","type":"product","link":"https:\/\/langedykvintagewatches.com\/de\/produkt\/rolex-day-date-18238-1989-2\/","title":{"rendered":"Rolex Day-Date Wood Dial 18238 1989 (Vollst\u00e4ndiger Satz)"},"content":{"rendered":"<p>Die Rolex Day-Date Uhrenkollektion ist seit jeher als Pr\u00e4sident f\u00fcr die Menschen bekannt, die diese eleganten Zeitmesser tragen. Sie sind wahrhaftig der Rolls Royce unter den Armbanduhren und das schon seit der Einf\u00fchrung der Day-Date im Jahr 1956. Die Rolex Day-Date ref 18238 ist mit ihrem automatischen Aufzug, dem wasserdichten Geh\u00e4use und dem Zifferblatt mit ausgeschriebener Datums- und Tagesanzeige keine Ausnahme.<\/p>\n<p>Die Rolex Day-Date 18238, die f\u00fcr immer als die ultimative Uhr f\u00fcr die Garderobe bekannt sein wird, ist ein echtes Schmuckst\u00fcck, das aus feinster Qualit\u00e4t gefertigt wurde. Im Gegensatz zu den Datejust-Modellen enthalten die Day-Date-Modelle keinen Edelstahl, da diese Zeitmesser ausschlie\u00dflich und vollst\u00e4ndig aus Edelmetallen gefertigt werden, von allen drei Goldarten bis hin zu noch mehr Edelmetallen. Es gibt keine Verwechslung dieser Uhr f\u00fcr etwas weniger als ein Meisterwerk, wenn Sie zu Fu\u00df die Hallen der Macht oder in Ihre n\u00e4chste Vorstandssitzung als diese Uhren stehen allein.<\/p>\n<p>Mit der Ver\u00f6ffentlichung der Rolex President 18238 in den sp\u00e4ten 80er Jahren stellte Rolex eine neue Kraft f\u00fcr seine kultigen Luxusuhren vor. Sie verbesserten die mechanische Genialit\u00e4t der Day-Date mit dem m\u00e4chtigen Cal. 3155 Perpetual Uhrwerk in Kombination mit der Double Quickset Funktion. Mit dieser Funktion k\u00f6nnen Sie sowohl das Datum als auch den Wochentag wechseln, ohne die Uhrzeit zu ver\u00e4ndern. Drehen Sie die Krone in eine Richtung, um das Datum zu \u00e4ndern, drehen Sie sie in die andere Richtung, um den Tag zu \u00e4ndern. Wahrlich so einfach wie elegant.<\/p>\n<p>Erleben Sie den pr\u00e4sidialen Unterschied, der mit dem Luxus und der Eleganz dieses charakteristischen Zeitmessers von Rolex einhergeht.<\/p>\n","protected":false},"excerpt":{"rendered":"<p>Rolex Oyster Perpetual Day-Date Referenz 18238 aus dem Jahr 1989 mit komplettem Set. Die Day-Date 18238 misst ein 36mm 18k Goldgeh\u00e4use, ein 18k Gold Pr\u00e4sident Armband mit Crownclasp und geriffelte 18k Gold L\u00fcnette. Die Day-Date 18238 verf\u00fcgt \u00fcber ein Automatikwerk Kaliber 3155 mit einer doppelten Schnellverstellung Datum und Tag-Funktion, eine Kratzfestigkeit Saphirglas und ein Mahagoni (Holz) Zifferblatt. Jede Uhr, die von Langedyk Vintage Watches verkauft wird, wird mit einer LVW-Uhrenbox, einem Echtheitsbericht und einem kostenlosen weltweiten (versicherten) Versand geliefert. Dar\u00fcber hinaus wird jede gebrauchte Uhr mit unserer 12-monatigen Garantie ab dem Kaufdatum angeboten.<\/p>\n","protected":false},"featured_media":47764,"template":"","meta":{"_acf_changed":false},"product_brand":[],"product_cat":[1954,2022,2023,1951,1909,1910,1914,1915,2021,2600],"product_tag":[],"class_list":{"0":"post-48148","1":"product","2":"type-product","3":"status-publish","4":"has-post-thumbnail","5":"product_cat-18238-de","6":"product_cat-armbanduhren","7":"product_cat-damenuhren","8":"product_cat-day-date-de","9":"product_cat-herrenuhren","10":"product_cat-neu-eingetroffen","11":"product_cat-rolex-de","12":"product_cat-rolex-brands-de","13":"product_cat-unisex-armbanduhren","14":"product_cat-verkaufte-uhren","16":"first","17":"outofstock","18":"purchasable","19":"product-type-simple"},"acf":[],"_links":{"self":[{"href":"https:\/\/langedykvintagewatches.com\/de\/wp-json\/wp\/v2\/product\/48148","targetHints":{"allow":["GET"]}}],"collection":[{"href":"https:\/\/langedykvintagewatches.com\/de\/wp-json\/wp\/v2\/product"}],"about":[{"href":"https:\/\/langedykvintagewatches.com\/de\/wp-json\/wp\/v2\/types\/product"}],"wp:featuredmedia":[{"embeddable":true,"href":"https:\/\/langedykvintagewatches.com\/de\/wp-json\/wp\/v2\/media\/47764"}],"wp:attachment":[{"href":"https:\/\/langedykvintagewatches.com\/de\/wp-json\/wp\/v2\/media?parent=48148"}],"wp:term":[{"taxonomy":"product_brand","embeddable":true,"href":"https:\/\/langedykvintagewatches.com\/de\/wp-json\/wp\/v2\/product_brand?post=48148"},{"taxonomy":"product_cat","embeddable":true,"href":"https:\/\/langedykvintagewatches.com\/de\/wp-json\/wp\/v2\/product_cat?post=48148"},{"taxonomy":"product_tag","embeddable":true,"href":"https:\/\/langedykvintagewatches.com\/de\/wp-json\/wp\/v2\/product_tag?post=48148"}],"curies":[{"name":"wp","href":"https:\/\/api.w.org\/{rel}","templated":true}]}}