{"id":47686,"date":"2023-10-12T15:19:26","date_gmt":"2023-09-28T15:29:29","guid":{"rendered":"https:\/\/langedykvintagewatches.com\/?post_type=product&#038;p=47686"},"modified":"2023-11-01T09:04:19","modified_gmt":"2023-11-01T09:04:19","slug":"rolex-oyster-perpetual-yacht-master-268621-2018-vollstaendiger-satz","status":"publish","type":"product","link":"https:\/\/langedykvintagewatches.com\/de\/produkt\/rolex-oyster-perpetual-yacht-master-268621-2018-vollstaendiger-satz\/","title":{"rendered":"Rolex Oyster Perpetual Yacht Master 268621 2018 (Vollst\u00e4ndiger Satz)"},"content":{"rendered":"","protected":false},"excerpt":{"rendered":"<p>Rolex Oyster Perpetual Yacht-Master Referenz 268621 aus dem Jahr 2018 inklusive Komplettset. Die Yacht-Master 268621 hat ein 35 mm gro\u00dfes Edelstahlgeh\u00e4use, ein zweifarbiges Oyster-Armband mit Fliplock-Schlie\u00dfe und eine bidirektionale Zeitraffer-L\u00fcnette aus 18 Karat Ros\u00e9gold. Die Yacht-Master 268621 verf\u00fcgt \u00fcber ein Automatikwerk Kaliber 2236 mit Quickset-Datumsfunktion, ein kratzfestes Saphirglas und ein braunes Zifferblatt mit Superluminova-Anzeige. Jede Uhr, die von Langedyk Vintage Watches verkauft wird, wird mit einer LVW-Uhrenbox, einem Echtheitsbericht und einem kostenlosen weltweiten (versicherten) Versand geliefert. Dar\u00fcber hinaus wird jede gebrauchte Uhr mit unserer 12-monatigen Garantie ab dem Kaufdatum angeboten.<\/p>\n<p>Wenn Sie Fragen haben oder zus\u00e4tzliche Informationen zu dieser Uhr erhalten m\u00f6chten, k\u00f6nnen Sie uns gerne telefonisch oder per E-Mail kontaktieren. Wir werden Ihre Anfrage so schnell wie m\u00f6glich beantworten.<\/p>\n<p>Werfen Sie auch einen Blick auf unser komplettes Angebot an Rolex <a href=\"https:\/\/langedykvintagewatches.com\/de\/yacht-master-de\/\">Yacht-Master<\/a> Uhren.<\/p>\n","protected":false},"featured_media":48069,"template":"","meta":{"_acf_changed":false},"product_brand":[],"product_cat":[2022,1909,1910,1915,1914,2600,2010],"product_tag":[],"class_list":{"0":"post-47686","1":"product","2":"type-product","3":"status-publish","4":"has-post-thumbnail","5":"product_cat-armbanduhren","6":"product_cat-herrenuhren","7":"product_cat-neu-eingetroffen","8":"product_cat-rolex-brands-de","9":"product_cat-rolex-de","10":"product_cat-verkaufte-uhren","11":"product_cat-yacht-master-de","13":"first","14":"outofstock","15":"taxable","16":"shipping-taxable","17":"purchasable","18":"product-type-simple"},"acf":[],"_links":{"self":[{"href":"https:\/\/langedykvintagewatches.com\/de\/wp-json\/wp\/v2\/product\/47686","targetHints":{"allow":["GET"]}}],"collection":[{"href":"https:\/\/langedykvintagewatches.com\/de\/wp-json\/wp\/v2\/product"}],"about":[{"href":"https:\/\/langedykvintagewatches.com\/de\/wp-json\/wp\/v2\/types\/product"}],"wp:featuredmedia":[{"embeddable":true,"href":"https:\/\/langedykvintagewatches.com\/de\/wp-json\/wp\/v2\/media\/48069"}],"wp:attachment":[{"href":"https:\/\/langedykvintagewatches.com\/de\/wp-json\/wp\/v2\/media?parent=47686"}],"wp:term":[{"taxonomy":"product_brand","embeddable":true,"href":"https:\/\/langedykvintagewatches.com\/de\/wp-json\/wp\/v2\/product_brand?post=47686"},{"taxonomy":"product_cat","embeddable":true,"href":"https:\/\/langedykvintagewatches.com\/de\/wp-json\/wp\/v2\/product_cat?post=47686"},{"taxonomy":"product_tag","embeddable":true,"href":"https:\/\/langedykvintagewatches.com\/de\/wp-json\/wp\/v2\/product_tag?post=47686"}],"curies":[{"name":"wp","href":"https:\/\/api.w.org\/{rel}","templated":true}]}}