{"id":110309,"date":"2026-05-12T13:56:04","date_gmt":"2026-05-12T11:56:04","guid":{"rendered":"https:\/\/langedykvintagewatches.com\/?post_type=product&#038;p=110309"},"modified":"2026-05-12T13:56:05","modified_gmt":"2026-05-12T11:56:05","slug":"cartier-santos-carree","status":"publish","type":"product","link":"https:\/\/langedykvintagewatches.com\/de\/produkt\/cartier-santos-carree\/","title":{"rendered":"Cartier Santos Carr\u00e9e SM Ferrite  +\/- 1980 (Box)"},"content":{"rendered":"<p class=\"isSelectedEnd\">Eine au\u00dfergew\u00f6hnlich seltene und luxuri\u00f6se Cartier Santos Carr\u00e9e SM aus ca. 1980, vollst\u00e4ndig aus Gelbgold gefertigt und mit einer wundersch\u00f6nen diamantbesetzten L\u00fcnette versehen.<\/p>\n<p class=\"isSelectedEnd\">Die Santos z\u00e4hlt zu den ikonischsten Kreationen von Cartier und gilt zugleich als eine der ersten speziell entwickelten Armbanduhren \u00fcberhaupt. Besonders die Carr\u00e9e-Generation wird von Sammlern aufgrund ihrer klaren Geh\u00e4useform, eleganten Proportionen und ihres unverwechselbaren Vintage-Charakters gesch\u00e4tzt.<\/p>\n<p class=\"isSelectedEnd\">Dieses besondere Exemplar verf\u00fcgt \u00fcber das \u00e4u\u00dferst begehrte Ferrite-Zifferblatt, welches der Uhr eine raffinierte und markante Ausstrahlung verleiht, die bei Vintage-Santos-Modellen nur selten zu finden ist. In Kombination mit dem vollst\u00e4ndig aus Gelbgold gefertigten 24-mm-Geh\u00e4use und dem originalen Cartier-Armband entsteht eine perfekte Balance zwischen Sportlichkeit und Luxus.<\/p>\n<p class=\"isSelectedEnd\">Angetrieben wird die Uhr von einem Automatikwerk und sie befindet sich in einem ausgezeichneten Vintage-Zustand. Die diamantbesetzte L\u00fcnette verleiht der Uhr zus\u00e4tzliche Exklusivit\u00e4t und macht sie zu einem echten Statement-Piece, ohne dabei die zeitlose Eleganz zu verlieren, f\u00fcr die Cartier bekannt ist.<\/p>\n<p class=\"isSelectedEnd\">Vintage-Santos-Modelle in Vollgold erfreuen sich in den letzten Jahren zunehmender Beliebtheit bei Sammlern \u2013 insbesondere seltene Konfigurationen wie dieses Ferrite-Dial-Exemplar. Das integrierte Armbanddesign, die luxuri\u00f6se Ausstrahlung und die ikonische Historie machen diese Uhr zu einer besonderen Erg\u00e4nzung f\u00fcr jede Sammlung.<\/p>\n<p>Eine seltene Gelegenheit, eine \u00e4u\u00dferst charaktervolle und elegante Vintage Cartier Santos aus einer der begehrtesten Epochen der Marke zu erwerben.<\/p>\n","protected":false},"excerpt":{"rendered":"<p>Eine au\u00dfergew\u00f6hnlich seltene und luxuri\u00f6se Cartier Santos Carr\u00e9e SM aus ca. 1980, vollst\u00e4ndig aus Gelbgold gefertigt und mit einer wundersch\u00f6nen diamantbesetzten L\u00fcnette versehen. Die Santos z\u00e4hlt zu den ikonischsten Kreationen von Cartier und gilt zugleich als eine der ersten speziell entwickelten Armbanduhren \u00fcberhaupt. Besonders die Carr\u00e9e-Generation wird von Sammlern aufgrund ihrer klaren Geh\u00e4useform, eleganten Proportionen [&#8230;]\n","protected":false},"featured_media":110334,"template":"","meta":{"_acf_changed":false},"product_brand":[],"product_cat":[1909,2022,3129,2023,1910,2021],"product_tag":[],"class_list":{"0":"post-110309","1":"product","2":"type-product","3":"status-publish","4":"has-post-thumbnail","5":"product_cat-herrenuhren","6":"product_cat-armbanduhren","7":"product_cat-cartier","8":"product_cat-damenuhren","9":"product_cat-neu-eingetroffen","10":"product_cat-unisex-armbanduhren","12":"first","13":"instock","14":"taxable","15":"shipping-taxable","16":"purchasable","17":"product-type-simple"},"acf":[],"_links":{"self":[{"href":"https:\/\/langedykvintagewatches.com\/de\/wp-json\/wp\/v2\/product\/110309","targetHints":{"allow":["GET"]}}],"collection":[{"href":"https:\/\/langedykvintagewatches.com\/de\/wp-json\/wp\/v2\/product"}],"about":[{"href":"https:\/\/langedykvintagewatches.com\/de\/wp-json\/wp\/v2\/types\/product"}],"wp:featuredmedia":[{"embeddable":true,"href":"https:\/\/langedykvintagewatches.com\/de\/wp-json\/wp\/v2\/media\/110334"}],"wp:attachment":[{"href":"https:\/\/langedykvintagewatches.com\/de\/wp-json\/wp\/v2\/media?parent=110309"}],"wp:term":[{"taxonomy":"product_brand","embeddable":true,"href":"https:\/\/langedykvintagewatches.com\/de\/wp-json\/wp\/v2\/product_brand?post=110309"},{"taxonomy":"product_cat","embeddable":true,"href":"https:\/\/langedykvintagewatches.com\/de\/wp-json\/wp\/v2\/product_cat?post=110309"},{"taxonomy":"product_tag","embeddable":true,"href":"https:\/\/langedykvintagewatches.com\/de\/wp-json\/wp\/v2\/product_tag?post=110309"}],"curies":[{"name":"wp","href":"https:\/\/api.w.org\/{rel}","templated":true}]}}