{"id":109673,"date":"2026-05-12T12:12:08","date_gmt":"2026-05-12T10:12:08","guid":{"rendered":"https:\/\/langedykvintagewatches.com\/?post_type=product&#038;p=109673"},"modified":"2026-05-12T12:12:08","modified_gmt":"2026-05-12T10:12:08","slug":"hermes-birkin-30","status":"publish","type":"product","link":"https:\/\/langedykvintagewatches.com\/de\/produkt\/hermes-birkin-30\/","title":{"rendered":"Herm\u00e8s Birkin 30 Togo GHW 2020 (Full Set + invoice)"},"content":{"rendered":"<h1 data-section-id=\"2tq3q1\" data-start=\"4348\" data-end=\"4366\">Herm\u00e8s Birkin 30<\/h1>\n<h2 data-section-id=\"fxofz1\" data-start=\"4368\" data-end=\"4378\">Deutsch<\/h2>\n<h3 data-section-id=\"fr7kcy\" data-start=\"4380\" data-end=\"4430\">Die Geschichte der ikonischen Herm\u00e8s Birkin 30<\/h3>\n<h4 data-start=\"4432\" data-end=\"4476\">Die Entstehung der Herm\u00e8s Birkin Tasche<\/h4>\n<p data-start=\"4478\" data-end=\"4880\">Die Herm\u00e8s Birkin 30 basiert auf einer der legend\u00e4rsten Geschichten der Luxusmodewelt. Im Jahr 1984 traf die Schauspielerin und S\u00e4ngerin Jane Birkin auf einem Flug von Paris nach London den damaligen Herm\u00e8s Gesch\u00e4ftsf\u00fchrer Jean Louis Dumas. W\u00e4hrend ihres Gespr\u00e4chs erkl\u00e4rte Jane Birkin, dass sie Schwierigkeiten habe, eine Handtasche zu finden, die sowohl elegant als auch praktisch f\u00fcr den Alltag sei.<\/p>\n<p data-start=\"4882\" data-end=\"5276\">Inspiriert von diesem Gespr\u00e4ch skizzierte Dumas w\u00e4hrend des Fluges das erste Design der Birkin Tasche. Das Ergebnis war eine ger\u00e4umige und zugleich elegante Handtasche, die Funktionalit\u00e4t, zeitlose Eleganz und au\u00dfergew\u00f6hnliche Handwerkskunst perfekt miteinander verband. Im Laufe der Jahre entwickelte sich die Herm\u00e8s Birkin zu einer der exklusivsten und begehrtesten Luxushandtaschen der Welt.<\/p>\n<p data-start=\"5278\" data-end=\"5443\">Heute gilt die Herm\u00e8s Birkin 30 aufgrund ihrer eleganten Proportionen und ihrer Alltagstauglichkeit als eine der ikonischsten Gr\u00f6\u00dfen innerhalb der Birkin Kollektion.<\/p>\n<h3 data-section-id=\"1fepr1q\" data-start=\"5445\" data-end=\"5490\">Warum die Herm\u00e8s Birkin 30 so beliebt ist<\/h3>\n<h4 data-start=\"5492\" data-end=\"5529\">Zeitloser Luxus und Exklusivit\u00e4t<\/h4>\n<p data-start=\"5531\" data-end=\"5883\">Die Beliebtheit der Herm\u00e8s Birkin 30 basiert auf Exklusivit\u00e4t, Handwerkskunst und zeitlosem Design. Jede Herm\u00e8s Birkin Tasche wird vollst\u00e4ndig von einem einzelnen Kunsthandwerker in Frankreich von Hand gefertigt. Der Herstellungsprozess dauert viele Stunden und spiegelt die au\u00dfergew\u00f6hnliche Liebe zum Detail wider, f\u00fcr die Herm\u00e8s weltweit bekannt ist.<\/p>\n<p data-start=\"5885\" data-end=\"6209\">Die Birkin 30 verf\u00fcgt \u00fcber die ikonische \u00dcberschlagklappe, die doppelten Henkel sowie das charakteristische Schloss mit Clochette, die weltweit als Symbol f\u00fcr luxuri\u00f6se Mode gelten. Dank ihrer strukturierten Silhouette und eleganten Ausstrahlung eignet sich die Birkin 30 sowohl f\u00fcr den Alltag als auch f\u00fcr elegante Anl\u00e4sse.<\/p>\n<h4 data-start=\"6211\" data-end=\"6256\">Die perfekte Birkin Gr\u00f6\u00dfe f\u00fcr den Alltag<\/h4>\n<p data-start=\"6258\" data-end=\"6501\">Mit Ma\u00dfen von ca. 30 \u00d7 22 \u00d7 16 cm gilt die Herm\u00e8s Birkin 30 weltweit als die ideale Gr\u00f6\u00dfe f\u00fcr den t\u00e4glichen Gebrauch. Die Tasche bietet gro\u00dfz\u00fcgigen Platz f\u00fcr die t\u00e4glichen Essentials und bewahrt dabei ihre eleganten und zeitlosen Proportionen.<\/p>\n<p data-start=\"6503\" data-end=\"6790\">Im Vergleich zu kleineren Birkin Gr\u00f6\u00dfen bietet die Birkin 30 mehr praktische Funktionalit\u00e4t, ohne ihre elegante Optik zu verlieren. Diese perfekte Kombination aus Luxus und Alltagstauglichkeit macht die Birkin 30 besonders beliebt bei Sammlern, Prominenten und Modebegeisterten weltweit.<\/p>\n<h3 data-section-id=\"1sosgm7\" data-start=\"6792\" data-end=\"6828\">Trendfarben der Herm\u00e8s Birkin 30<\/h3>\n<h4 data-start=\"6830\" data-end=\"6893\">Die beliebtesten Herm\u00e8s Birkin Farben der aktuellen Saison<\/h4>\n<p data-start=\"6895\" data-end=\"7163\">Bestimmte Farben der Herm\u00e8s Birkin 30 sind aufgrund wechselnder Modetrends und limitierter Saisonkollektionen besonders begehrt geworden. Vor allem neutrale Farbt\u00f6ne, klassische Farben und sanfte Pastellt\u00f6ne bleiben bei Sammlern luxuri\u00f6ser Handtaschen \u00e4u\u00dferst beliebt.<\/p>\n<p data-start=\"7165\" data-end=\"7225\">Zu den aktuell gefragtesten Herm\u00e8s Birkin 30 Farben geh\u00f6ren:<\/p>\n<ul data-start=\"7227\" data-end=\"7354\">\n<li data-section-id=\"1xca97s\" data-start=\"7227\" data-end=\"7235\">Gold<\/li>\n<li data-section-id=\"mk6riu\" data-start=\"7236\" data-end=\"7246\">Etoupe<\/li>\n<li data-section-id=\"1t1e16a\" data-start=\"7247\" data-end=\"7255\">Noir<\/li>\n<li data-section-id=\"1gbhy3p\" data-start=\"7256\" data-end=\"7274\">Blue de Prusse<\/li>\n<li data-section-id=\"12axbou\" data-start=\"7275\" data-end=\"7288\">Bleu Pale<\/li>\n<li data-section-id=\"i5vxuc\" data-start=\"7289\" data-end=\"7298\">Craie<\/li>\n<li data-section-id=\"1t342j6\" data-start=\"7299\" data-end=\"7307\">Nata<\/li>\n<li data-section-id=\"1fm94kh\" data-start=\"7308\" data-end=\"7322\">Gris Meyer<\/li>\n<li data-section-id=\"ea32yt\" data-start=\"7323\" data-end=\"7338\">Vert Comics<\/li>\n<li data-section-id=\"1j9wbbw\" data-start=\"7339\" data-end=\"7354\">Rose Sakura<\/li>\n<\/ul>\n<p data-start=\"7356\" data-end=\"7558\">Klassische Farben wie Gold und Noir bleiben zeitlose Wertanlagen, w\u00e4hrend hellere Farbt\u00f6ne wie Bleu Pale, Craie und Rose Sakura aufgrund ihrer modernen und eleganten Ausstrahlung immer beliebter werden.<\/p>\n<h3 data-section-id=\"1e13e5r\" data-start=\"7560\" data-end=\"7591\">Herm\u00e8s Birkin 30 Lederarten<\/h3>\n<h4 data-start=\"7593\" data-end=\"7632\">Die beliebtesten Herm\u00e8s Lederarten<\/h4>\n<p data-start=\"7634\" data-end=\"7822\">Die Herm\u00e8s Birkin 30 ist in verschiedenen hochwertigen Lederarten erh\u00e4ltlich, die jeweils eine einzigartige Struktur und Optik bieten. Zu den beliebtesten Herm\u00e8s Birkin Lederarten geh\u00f6ren:<\/p>\n<ul data-start=\"7824\" data-end=\"7907\">\n<li data-section-id=\"a9022p\" data-start=\"7824\" data-end=\"7838\">Togo Leder<\/li>\n<li data-section-id=\"ya1do6\" data-start=\"7839\" data-end=\"7854\">Epsom Leder<\/li>\n<li data-section-id=\"k80454\" data-start=\"7855\" data-end=\"7873\">Clemence Leder<\/li>\n<li data-section-id=\"1iva7ot\" data-start=\"7874\" data-end=\"7889\">Swift Leder<\/li>\n<li data-section-id=\"1t4l2tr\" data-start=\"7890\" data-end=\"7907\">Boxcalf Leder<\/li>\n<\/ul>\n<p data-start=\"7909\" data-end=\"8087\">Togo Leder z\u00e4hlt zu den begehrtesten Lederarten f\u00fcr die Birkin 30, da es besonders langlebig ist, eine feine Narbung besitzt und die elegante Form der Tasche langfristig bewahrt.<\/p>\n<h3 data-section-id=\"fwvpl5\" data-start=\"8089\" data-end=\"8129\">Die Herm\u00e8s Birkin 30 als Investition<\/h3>\n<h4 data-start=\"8131\" data-end=\"8162\">Ein zeitloses Sammlerst\u00fcck<\/h4>\n<p data-start=\"8164\" data-end=\"8464\">Dank ihrer Exklusivit\u00e4t, reichen Geschichte und weltweiten Nachfrage gilt die Herm\u00e8s Birkin 30 als eine der st\u00e4rksten Investitionen im Bereich luxuri\u00f6ser Handtaschen. Viele Birkin Taschen behalten ihren Wert oder steigen aufgrund der limitierten Produktion und konstant hohen Nachfrage sogar im Wert.<\/p>\n<p data-start=\"8466\" data-end=\"8691\" data-is-last-node=\"\" data-is-only-node=\"\">Die Herm\u00e8s Birkin 30 steht heute f\u00fcr weit mehr als nur eine Handtasche. Sie ist ein Symbol f\u00fcr zeitlosen Luxus, Status, Handwerkskunst und Exklusivit\u00e4t und wird von Sammlern und Modebegeisterten auf der ganzen Welt gesch\u00e4tzt.<\/p>\n","protected":false},"excerpt":{"rendered":"<p>Herm\u00e8s Birkin 30<\/p>\n<p>Die Herm\u00e8s Birkin 30 aus Togo Leder ist eine zeitlose Ikone dezenten Luxus. Gefertigt aus hochwertigem und fein genarbtem Togo Leder vereint diese strukturierte Handtasche Eleganz, Funktionalit\u00e4t und Vielseitigkeit f\u00fcr den t\u00e4glichen Gebrauch. Die weiche und zugleich strukturierte Textur des Togo Leders verleiht der Birkin 30 ihre raffinierte Ausstrahlung und sorgt gleichzeitig f\u00fcr hervorragende Langlebigkeit und hohen Tragekomfort.<\/p>\n<p>Luxuri\u00f6se Details und Verarbeitung<\/p>\n<p>Diese Herm\u00e8s Birkin 30 ist mit goldfarbener Hardware ausgestattet, die einen luxuri\u00f6sen und eleganten Kontrast schafft und die ikonische Birkin Silhouette perfekt erg\u00e4nzt. Die Kombination aus Togo Leder und goldfarbener Hardware z\u00e4hlt weltweit zu den begehrtesten Ausf\u00fchrungen unter Herm\u00e8s Sammlern und Liebhabern luxuri\u00f6ser Handtaschen.<\/p>\n<p>Mit Ma\u00dfen von ca. 30 \u00d7 22 \u00d7 16 cm bietet die Birkin 30 gro\u00dfz\u00fcgigen Platz f\u00fcr die t\u00e4glichen Essentials und bewahrt dabei ihre eleganten und zeitlosen Proportionen. Die Birkin 30 gilt weltweit als die ideale Gr\u00f6\u00dfe f\u00fcr den Alltag sowie f\u00fcr elegante Anl\u00e4sse.<\/p>\n<p>Zustand und Full Set<\/p>\n<p>Dieses wundersch\u00f6ne Exemplar aus 2020 mit Y Stempel befindet sich in ausgezeichnetem Zustand und wird als Full Set inklusive originaler Rechnung sowie s\u00e4mtlichem Zubeh\u00f6r und Verpackungen geliefert. Die Tasche kann nach Terminvereinbarung in unserem Showroom in Heerhugowaard besichtigt werden, wo Sie die au\u00dfergew\u00f6hnliche Handwerkskunst und Eleganz dieser Herm\u00e8s Tasche pers\u00f6nlich erleben k\u00f6nnen.<\/p>\n<p>Kontakt<\/p>\n<p>Wenn Sie Fragen zu dieser Herm\u00e8s Tasche haben, freuen wir uns auf Ihre Nachricht und helfen Ihnen gerne weiter. Suchen Sie eine andere Herm\u00e8s Handtasche?<\/p>\n","protected":false},"featured_media":109782,"template":"","meta":{"_acf_changed":false},"product_brand":[],"product_cat":[3186,3170],"product_tag":[],"class_list":{"0":"post-109673","1":"product","2":"type-product","3":"status-publish","4":"has-post-thumbnail","5":"product_cat-birkin","6":"product_cat-hermes-handtaschen","8":"first","9":"instock","10":"taxable","11":"shipping-taxable","12":"purchasable","13":"product-type-simple"},"acf":[],"_links":{"self":[{"href":"https:\/\/langedykvintagewatches.com\/de\/wp-json\/wp\/v2\/product\/109673","targetHints":{"allow":["GET"]}}],"collection":[{"href":"https:\/\/langedykvintagewatches.com\/de\/wp-json\/wp\/v2\/product"}],"about":[{"href":"https:\/\/langedykvintagewatches.com\/de\/wp-json\/wp\/v2\/types\/product"}],"wp:featuredmedia":[{"embeddable":true,"href":"https:\/\/langedykvintagewatches.com\/de\/wp-json\/wp\/v2\/media\/109782"}],"wp:attachment":[{"href":"https:\/\/langedykvintagewatches.com\/de\/wp-json\/wp\/v2\/media?parent=109673"}],"wp:term":[{"taxonomy":"product_brand","embeddable":true,"href":"https:\/\/langedykvintagewatches.com\/de\/wp-json\/wp\/v2\/product_brand?post=109673"},{"taxonomy":"product_cat","embeddable":true,"href":"https:\/\/langedykvintagewatches.com\/de\/wp-json\/wp\/v2\/product_cat?post=109673"},{"taxonomy":"product_tag","embeddable":true,"href":"https:\/\/langedykvintagewatches.com\/de\/wp-json\/wp\/v2\/product_tag?post=109673"}],"curies":[{"name":"wp","href":"https:\/\/api.w.org\/{rel}","templated":true}]}}