{"id":108387,"date":"2026-04-10T13:48:10","date_gmt":"2026-04-10T11:48:10","guid":{"rendered":"https:\/\/langedykvintagewatches.com\/?post_type=product&#038;p=108387"},"modified":"2026-04-10T13:58:32","modified_gmt":"2026-04-10T11:58:32","slug":"rolex-day-date-228235-13","status":"publish","type":"product","link":"https:\/\/langedykvintagewatches.com\/de\/produkt\/rolex-day-date-228235-13\/","title":{"rendered":"Rolex Day-Date Chocolate 228235 2018 (Vollst\u00e4ndiger Satz)"},"content":{"rendered":"","protected":false},"excerpt":{"rendered":"<p>Rolex Oyster Perpetual Day-Date Referenz 228235 aus dem Jahr 2018 inklusive Komplettset. Die Day-Date 228235 misst ein 40mm 18k Ros\u00e9gold Geh\u00e4use, ein 18k Ros\u00e9gold President Armband mit Crownclasp und kannelierte 18k Ros\u00e9gold L\u00fcnette. Die Day-Date 228235 verf\u00fcgt \u00fcber ein Automatikwerk Kaliber 3255 mit einer doppelten Schnellverstellung von Datum und Wochentag, ein kratzfestes Saphirglas und ein Schokoladenzifferblatt.<\/p>\n<p>Jede Uhr, die von Langedyk Vintage Watches verkauft wird, wird mit einer LVW-Uhrenbox, einem Echtheitsbericht und einem kostenlosen weltweiten (versicherten) Versand geliefert. Dar\u00fcber hinaus wird jede gebrauchte Uhr mit unserer 12-monatigen Garantie ab Kaufdatum angeboten.<\/p>\n<p>Wenn Sie Fragen haben oder zus\u00e4tzliche Informationen zu dieser Uhr erhalten m\u00f6chten, k\u00f6nnen Sie uns gerne telefonisch oder per E-Mail kontaktieren. Wir werden Ihre Anfrage so schnell wie m\u00f6glich beantworten.<\/p>\n<p>Werfen Sie auch einen Blick auf unsere komplette Kollektion von Rolex <a href=\"https:\/\/langedykvintagewatches.com\/de\/rolex-brands-de\/day-date-de\/\">Day-Date<\/a> Uhren.<\/p>\n","protected":false},"featured_media":50174,"template":"","meta":{"_acf_changed":false},"product_brand":[],"product_cat":[1909,1961,2022,2023,1951,1910,1914,1915,2021],"product_tag":[],"class_list":{"0":"post-108387","1":"product","2":"type-product","3":"status-publish","4":"has-post-thumbnail","5":"product_cat-herrenuhren","6":"product_cat-228235-de","7":"product_cat-armbanduhren","8":"product_cat-damenuhren","9":"product_cat-day-date-de","10":"product_cat-neu-eingetroffen","11":"product_cat-rolex-de","12":"product_cat-rolex-brands-de","13":"product_cat-unisex-armbanduhren","15":"first","16":"instock","17":"purchasable","18":"product-type-simple"},"acf":[],"_links":{"self":[{"href":"https:\/\/langedykvintagewatches.com\/de\/wp-json\/wp\/v2\/product\/108387","targetHints":{"allow":["GET"]}}],"collection":[{"href":"https:\/\/langedykvintagewatches.com\/de\/wp-json\/wp\/v2\/product"}],"about":[{"href":"https:\/\/langedykvintagewatches.com\/de\/wp-json\/wp\/v2\/types\/product"}],"wp:featuredmedia":[{"embeddable":true,"href":"https:\/\/langedykvintagewatches.com\/de\/wp-json\/wp\/v2\/media\/50174"}],"wp:attachment":[{"href":"https:\/\/langedykvintagewatches.com\/de\/wp-json\/wp\/v2\/media?parent=108387"}],"wp:term":[{"taxonomy":"product_brand","embeddable":true,"href":"https:\/\/langedykvintagewatches.com\/de\/wp-json\/wp\/v2\/product_brand?post=108387"},{"taxonomy":"product_cat","embeddable":true,"href":"https:\/\/langedykvintagewatches.com\/de\/wp-json\/wp\/v2\/product_cat?post=108387"},{"taxonomy":"product_tag","embeddable":true,"href":"https:\/\/langedykvintagewatches.com\/de\/wp-json\/wp\/v2\/product_tag?post=108387"}],"curies":[{"name":"wp","href":"https:\/\/api.w.org\/{rel}","templated":true}]}}