{"id":108347,"date":"2026-04-07T12:53:12","date_gmt":"2026-04-07T10:53:12","guid":{"rendered":"https:\/\/langedykvintagewatches.com\/?post_type=product&#038;p=108347"},"modified":"2026-04-07T13:04:04","modified_gmt":"2026-04-07T11:04:04","slug":"rolex-submariner-126610ln-6","status":"publish","type":"product","link":"https:\/\/langedykvintagewatches.com\/de\/produkt\/rolex-submariner-126610ln-6\/","title":{"rendered":"NEW Rolex Submariner Date Black 126610LN 2025 (Vollst\u00e4ndiger Satz)"},"content":{"rendered":"","protected":false},"excerpt":{"rendered":"<p>NUE Rolex Submariner Date Referenz 126610LN aus dem Jahr 2025 einschlie\u00dflich voller Satz. Die Submariner Date misst ein 41mm Edelstahlgeh\u00e4use, ein Edelstahl-Oyster-Armband mit Oysterlock-Schlie\u00dfe und eine drehbare Keramikl\u00fcnette. Die Submariner Date 126610LN besitzt ein Automatikwerk Kaliber 3235, ein kratzfestes Saphirglas und ein schwarzes Zifferblatt mit Chromalight-Anzeige.<\/p>\n<p>Jede Uhr, die von Langedyk Vintage Watches verkauft wird, wird mit einer LVW-Uhrenbox, einem Echtheitsbericht und einem kostenlosen weltweiten (versicherten) Versand geliefert. Dar\u00fcber hinaus wird jede gebrauchte Uhr mit unserer 12-monatigen Garantie ab Kaufdatum angeboten.<\/p>\n<p>Wenn Sie Fragen haben oder weitere Informationen zu dieser Uhr erhalten m\u00f6chten, kontaktieren Sie uns bitte per Telefon oder E-Mail. Wir werden Ihre Anfrage so schnell wie m\u00f6glich beantworten.<\/p>\n<p>Werfen Sie auch einen Blick auf unser komplettes Angebot an Rolex <a href=\"https:\/\/langedykvintagewatches.com\/de\/rolex-brands-de\/submariner-de\/\">Submariner<\/a> Uhren.<\/p>\n","protected":false},"featured_media":108369,"template":"","meta":{"_acf_changed":false},"product_brand":[],"product_cat":[2009,2022,1909,1910,1914,1915,2001],"product_tag":[],"class_list":{"0":"post-108347","1":"product","2":"type-product","3":"status-publish","4":"has-post-thumbnail","5":"product_cat-126610-de","6":"product_cat-armbanduhren","7":"product_cat-herrenuhren","8":"product_cat-neu-eingetroffen","9":"product_cat-rolex-de","10":"product_cat-rolex-brands-de","11":"product_cat-submariner-de","13":"first","14":"instock","15":"taxable","16":"shipping-taxable","17":"purchasable","18":"product-type-simple"},"acf":[],"_links":{"self":[{"href":"https:\/\/langedykvintagewatches.com\/de\/wp-json\/wp\/v2\/product\/108347","targetHints":{"allow":["GET"]}}],"collection":[{"href":"https:\/\/langedykvintagewatches.com\/de\/wp-json\/wp\/v2\/product"}],"about":[{"href":"https:\/\/langedykvintagewatches.com\/de\/wp-json\/wp\/v2\/types\/product"}],"wp:featuredmedia":[{"embeddable":true,"href":"https:\/\/langedykvintagewatches.com\/de\/wp-json\/wp\/v2\/media\/108369"}],"wp:attachment":[{"href":"https:\/\/langedykvintagewatches.com\/de\/wp-json\/wp\/v2\/media?parent=108347"}],"wp:term":[{"taxonomy":"product_brand","embeddable":true,"href":"https:\/\/langedykvintagewatches.com\/de\/wp-json\/wp\/v2\/product_brand?post=108347"},{"taxonomy":"product_cat","embeddable":true,"href":"https:\/\/langedykvintagewatches.com\/de\/wp-json\/wp\/v2\/product_cat?post=108347"},{"taxonomy":"product_tag","embeddable":true,"href":"https:\/\/langedykvintagewatches.com\/de\/wp-json\/wp\/v2\/product_tag?post=108347"}],"curies":[{"name":"wp","href":"https:\/\/api.w.org\/{rel}","templated":true}]}}