{"id":105598,"date":"2026-03-24T11:14:37","date_gmt":"2026-03-24T10:14:37","guid":{"rendered":"https:\/\/langedykvintagewatches.com\/?post_type=product&#038;p=105598"},"modified":"2026-03-24T11:14:37","modified_gmt":"2026-03-24T10:14:37","slug":"new-breitling-navitimer-blue-ab0139-2025-vollstandiger-satz-copy","status":"publish","type":"product","link":"https:\/\/langedykvintagewatches.com\/de\/produkt\/new-breitling-navitimer-blue-ab0139-2025-vollstandiger-satz-copy\/","title":{"rendered":"NEW Breitling Navitimer Black Ab0139 2025 (Vollst\u00e4ndiger Satz)"},"content":{"rendered":"","protected":false},"excerpt":{"rendered":"<p class=\"p1\">Breitling Navitimer Referenz AB0139 aus dem Jahr 2025 inklusive Full Set. Die Navitimer AB0139 verf\u00fcgt \u00fcber ein 43 mm Edelstahlgeh\u00e4use, ein Edelstahlarmband und die ikonische kreisf\u00f6rmige Rechenschieber-L\u00fcnette, die die Navitimer-Kollektion auszeichnet. Diese Breitling Navitimer AB0139 ist mit einem automatischen Chronographenwerk und einem kratzfesten Saphirglas ausgestattet und wird durch ein markantes schwarzes Zifferblatt erg\u00e4nzt.<\/p>\n<p class=\"p1\">Jede gebrauchte Uhr, die wir verkaufen, wird mit einer 12-monatigen Garantie ab Kaufdatum geliefert. Jede Uhr von Langedyk Vintage Watches wird mit einer LVW-Uhrenbox, einem Echtheitsbericht und kostenlosem weltweitem (versichertem) Versand geliefert.<\/p>\n<p class=\"p1\">Wenn Sie Fragen zu dieser Uhr haben oder weitere Informationen w\u00fcnschen, k\u00f6nnen Sie uns gerne telefonisch oder per E-Mail kontaktieren. Wir werden Ihre Anfrage so schnell wie m\u00f6glich beantworten.<\/p>\n<p class=\"p1\">Werfen Sie auch einen Blick auf unsere vollst\u00e4ndige Kollektion von Breitling Navitimer Uhren.<\/p>\n","protected":false},"featured_media":105793,"template":"","meta":{"_acf_changed":false},"product_brand":[],"product_cat":[1909,2022,2023,1910,2021],"product_tag":[],"class_list":{"0":"post-105598","1":"product","2":"type-product","3":"status-publish","4":"has-post-thumbnail","5":"product_cat-herrenuhren","6":"product_cat-armbanduhren","7":"product_cat-damenuhren","8":"product_cat-neu-eingetroffen","9":"product_cat-unisex-armbanduhren","11":"first","12":"instock","13":"taxable","14":"shipping-taxable","15":"purchasable","16":"product-type-simple"},"acf":[],"_links":{"self":[{"href":"https:\/\/langedykvintagewatches.com\/de\/wp-json\/wp\/v2\/product\/105598","targetHints":{"allow":["GET"]}}],"collection":[{"href":"https:\/\/langedykvintagewatches.com\/de\/wp-json\/wp\/v2\/product"}],"about":[{"href":"https:\/\/langedykvintagewatches.com\/de\/wp-json\/wp\/v2\/types\/product"}],"wp:featuredmedia":[{"embeddable":true,"href":"https:\/\/langedykvintagewatches.com\/de\/wp-json\/wp\/v2\/media\/105793"}],"wp:attachment":[{"href":"https:\/\/langedykvintagewatches.com\/de\/wp-json\/wp\/v2\/media?parent=105598"}],"wp:term":[{"taxonomy":"product_brand","embeddable":true,"href":"https:\/\/langedykvintagewatches.com\/de\/wp-json\/wp\/v2\/product_brand?post=105598"},{"taxonomy":"product_cat","embeddable":true,"href":"https:\/\/langedykvintagewatches.com\/de\/wp-json\/wp\/v2\/product_cat?post=105598"},{"taxonomy":"product_tag","embeddable":true,"href":"https:\/\/langedykvintagewatches.com\/de\/wp-json\/wp\/v2\/product_tag?post=105598"}],"curies":[{"name":"wp","href":"https:\/\/api.w.org\/{rel}","templated":true}]}}