{"id":105561,"date":"2026-03-10T11:36:43","date_gmt":"2026-03-10T10:36:43","guid":{"rendered":"https:\/\/langedykvintagewatches.com\/?post_type=product&#038;p=105561"},"modified":"2026-03-10T11:36:43","modified_gmt":"2026-03-10T10:36:43","slug":"rolex-day-date-118238-6","status":"publish","type":"product","link":"https:\/\/langedykvintagewatches.com\/de\/produkt\/rolex-day-date-118238-6\/","title":{"rendered":"Rolex Day-Date Green 118238 2008 (Vollst\u00e4ndiger Satz)"},"content":{"rendered":"","protected":false},"excerpt":{"rendered":"<p>Rolex Oyster Perpetual Day-Date Referenz 118238 aus dem Jahr 2008 mit komplettem Set. Die Day-Date 118238 misst ein 36mm 18k Goldgeh\u00e4use, ein 18k Gold Pr\u00e4sident Armband mit Crownclasp und kannelierte 18k Goldl\u00fcnette. Diese Day-Date 118238 verf\u00fcgt \u00fcber ein automatisches Uhrwerk Kaliber 3155 mit einem doppelten Quickset Datum und Tag-Funktion, eine Kratzfestigkeit Saphirglas, und ein gr\u00fcnes Zifferblatt. Jede Uhr, die von Langedyk Vintage Watches verkauft wird, wird mit einer LVW-Uhrenbox, einem Echtheitsbericht und einem kostenlosen weltweiten (versicherten) Versand geliefert. Dar\u00fcber hinaus gilt f\u00fcr jede gebrauchte Uhr unsere 12-monatige Garantie ab dem Kaufdatum.<\/p>\n<p>Wenn Sie Fragen haben oder zus\u00e4tzliche Informationen zu dieser Uhr erhalten m\u00f6chten, k\u00f6nnen Sie uns gerne telefonisch oder per E-Mail kontaktieren. Wir werden Ihre Anfrage so schnell wie m\u00f6glich beantworten.<\/p>\n<p>Werfen Sie auch einen Blick auf unsere komplette Kollektion von Rolex <a href=\"https:\/\/langedykvintagewatches.com\/de\/day-date-de\/\">Day-Date<\/a> Uhren.<\/p>\n","protected":false},"featured_media":105586,"template":"","meta":{"_acf_changed":false},"product_brand":[],"product_cat":[1909,1956,2022,2023,1951,1910,1914,1915,2021,2600],"product_tag":[],"class_list":{"0":"post-105561","1":"product","2":"type-product","3":"status-publish","4":"has-post-thumbnail","5":"product_cat-herrenuhren","6":"product_cat-118238-de","7":"product_cat-armbanduhren","8":"product_cat-damenuhren","9":"product_cat-day-date-de","10":"product_cat-neu-eingetroffen","11":"product_cat-rolex-de","12":"product_cat-rolex-brands-de","13":"product_cat-unisex-armbanduhren","14":"product_cat-verkaufte-uhren","16":"first","17":"outofstock","18":"purchasable","19":"product-type-simple"},"acf":[],"_links":{"self":[{"href":"https:\/\/langedykvintagewatches.com\/de\/wp-json\/wp\/v2\/product\/105561","targetHints":{"allow":["GET"]}}],"collection":[{"href":"https:\/\/langedykvintagewatches.com\/de\/wp-json\/wp\/v2\/product"}],"about":[{"href":"https:\/\/langedykvintagewatches.com\/de\/wp-json\/wp\/v2\/types\/product"}],"wp:featuredmedia":[{"embeddable":true,"href":"https:\/\/langedykvintagewatches.com\/de\/wp-json\/wp\/v2\/media\/105586"}],"wp:attachment":[{"href":"https:\/\/langedykvintagewatches.com\/de\/wp-json\/wp\/v2\/media?parent=105561"}],"wp:term":[{"taxonomy":"product_brand","embeddable":true,"href":"https:\/\/langedykvintagewatches.com\/de\/wp-json\/wp\/v2\/product_brand?post=105561"},{"taxonomy":"product_cat","embeddable":true,"href":"https:\/\/langedykvintagewatches.com\/de\/wp-json\/wp\/v2\/product_cat?post=105561"},{"taxonomy":"product_tag","embeddable":true,"href":"https:\/\/langedykvintagewatches.com\/de\/wp-json\/wp\/v2\/product_tag?post=105561"}],"curies":[{"name":"wp","href":"https:\/\/api.w.org\/{rel}","templated":true}]}}