{"id":104748,"date":"2026-02-24T11:11:37","date_gmt":"2026-02-24T10:11:37","guid":{"rendered":"https:\/\/langedykvintagewatches.com\/?post_type=product&#038;p=104748"},"modified":"2026-02-24T11:11:37","modified_gmt":"2026-02-24T10:11:37","slug":"cartier-galbee-887901","status":"publish","type":"product","link":"https:\/\/langedykvintagewatches.com\/de\/produkt\/cartier-galbee-887901\/","title":{"rendered":"Cartier Santos Galbee Creme Roman 887901 +\/- 1990"},"content":{"rendered":"<p>Die Cartier Santos Galb\u00e9e 887901 ist ein eleganter Ausdruck der zeitlosen Designsprache und des reichen Erbes von Cartier. Gefertigt aus 18 Karat Gelbgold, verf\u00fcgt diese stilvolle Armbanduhr \u00fcber ein cremefarbenes Zifferblatt mit r\u00f6mischen Zahlen, klassischen schwarzen Cartier-Indizes und gebl\u00e4uten Stahlzeigern f\u00fcr eine hervorragende Ablesbarkeit und eine edle Optik.<\/p>\n<p>Das Geh\u00e4use misst 29 mm x 41 mm und besitzt die charakteristische, leicht abgerundete quadratische Form der ikonischen Santos-Kollektion. Die glatte L\u00fcnette und die polierten Kanten unterstreichen den luxuri\u00f6sen Charakter, w\u00e4hrend die sichtbaren Schrauben auf dem Geh\u00e4use an die historischen Wurzeln des Designs in der Luftfahrt erinnern.<\/p>\n<p>Angetrieben von einem Quarzwerk f\u00fcr pr\u00e4zise Zeitmessung und ausgestattet mit einer Datumsanzeige bei 6 Uhr, vereint dieses Modell Alltagstauglichkeit mit klassischer Eleganz. Das integrierte Armband aus 18 Karat Gelbgold schlie\u00dft harmonisch an das Geh\u00e4use an und wird mit einer Faltschlie\u00dfe sicher und komfortabel getragen.<\/p>\n<p>Gesch\u00fctzt durch ein Saphirglas, ist die Uhr widerstandsf\u00e4hig gegen Kratzer und bringt die ausgewogene Gestaltung des Zifferblatts perfekt zur Geltung. Diese Vintage-Cartier ist eine hervorragende Wahl f\u00fcr Liebhaber und Sammler, die zeitloses Design und h\u00f6chste Handwerkskunst sch\u00e4tzen.<\/p>\n","protected":false},"excerpt":{"rendered":"<p>Die Cartier Santos Galb\u00e9e 887901 ist ein eleganter Ausdruck der zeitlosen Designsprache und des reichen Erbes von Cartier. Gefertigt aus 18 Karat Gelbgold, verf\u00fcgt diese stilvolle Armbanduhr \u00fcber ein cremefarbenes Zifferblatt mit r\u00f6mischen Zahlen, klassischen schwarzen Cartier-Indizes und gebl\u00e4uten Stahlzeigern f\u00fcr eine hervorragende Ablesbarkeit und eine edle Optik. Das Geh\u00e4use misst 29 mm x 41 [&#8230;]\n","protected":false},"featured_media":104770,"template":"","meta":{"_acf_changed":false},"product_brand":[],"product_cat":[1909,2022,3129,2023,1910,2021],"product_tag":[],"class_list":{"0":"post-104748","1":"product","2":"type-product","3":"status-publish","4":"has-post-thumbnail","5":"product_cat-herrenuhren","6":"product_cat-armbanduhren","7":"product_cat-cartier","8":"product_cat-damenuhren","9":"product_cat-neu-eingetroffen","10":"product_cat-unisex-armbanduhren","12":"first","13":"instock","14":"taxable","15":"shipping-taxable","16":"purchasable","17":"product-type-simple"},"acf":[],"_links":{"self":[{"href":"https:\/\/langedykvintagewatches.com\/de\/wp-json\/wp\/v2\/product\/104748","targetHints":{"allow":["GET"]}}],"collection":[{"href":"https:\/\/langedykvintagewatches.com\/de\/wp-json\/wp\/v2\/product"}],"about":[{"href":"https:\/\/langedykvintagewatches.com\/de\/wp-json\/wp\/v2\/types\/product"}],"wp:featuredmedia":[{"embeddable":true,"href":"https:\/\/langedykvintagewatches.com\/de\/wp-json\/wp\/v2\/media\/104770"}],"wp:attachment":[{"href":"https:\/\/langedykvintagewatches.com\/de\/wp-json\/wp\/v2\/media?parent=104748"}],"wp:term":[{"taxonomy":"product_brand","embeddable":true,"href":"https:\/\/langedykvintagewatches.com\/de\/wp-json\/wp\/v2\/product_brand?post=104748"},{"taxonomy":"product_cat","embeddable":true,"href":"https:\/\/langedykvintagewatches.com\/de\/wp-json\/wp\/v2\/product_cat?post=104748"},{"taxonomy":"product_tag","embeddable":true,"href":"https:\/\/langedykvintagewatches.com\/de\/wp-json\/wp\/v2\/product_tag?post=104748"}],"curies":[{"name":"wp","href":"https:\/\/api.w.org\/{rel}","templated":true}]}}