{"id":104077,"date":"2026-02-17T10:19:38","date_gmt":"2026-02-17T09:19:38","guid":{"rendered":"https:\/\/langedykvintagewatches.com\/?post_type=product&#038;p=104077"},"modified":"2026-02-17T10:19:38","modified_gmt":"2026-02-17T09:19:38","slug":"rolex-datejust-126234-39","status":"publish","type":"product","link":"https:\/\/langedykvintagewatches.com\/de\/produkt\/rolex-datejust-126234-39\/","title":{"rendered":"Rolex Datejust Silver 126234 2020 (Vollst\u00e4ndiger Satz)"},"content":{"rendered":"","protected":false},"excerpt":{"rendered":"<p>Rolex Oyster Perpetual Datejust Referenz 126234 aus dem Jahr 2020 mit komplettem Set. Die Datejust 126234 misst ein 36-mm-Edelstahlgeh\u00e4use, ein Edelstahl-oysterarmband mit Oysterclasp und eine 18k Wei\u00dfgold geriffelte L\u00fcnette. Diese Datejust 126234 verf\u00fcgt \u00fcber ein Automatikwerk Kaliber 3235 mit Quickset Datum Funktion, Kratzfestigkeit Saphirglas und ein silbernes Zifferblatt mit Chromalight Zeiger und Markierungen.<\/p>\n","protected":false},"featured_media":104102,"template":"","meta":{"_acf_changed":false},"product_brand":[],"product_cat":[1909,1937,2022,2023,1922,1910,1914,1915,2021],"product_tag":[],"class_list":{"0":"post-104077","1":"product","2":"type-product","3":"status-publish","4":"has-post-thumbnail","5":"product_cat-herrenuhren","6":"product_cat-126234-de","7":"product_cat-armbanduhren","8":"product_cat-damenuhren","9":"product_cat-datejust-de","10":"product_cat-neu-eingetroffen","11":"product_cat-rolex-de","12":"product_cat-rolex-brands-de","13":"product_cat-unisex-armbanduhren","15":"first","16":"outofstock","17":"taxable","18":"shipping-taxable","19":"purchasable","20":"product-type-simple"},"acf":[],"_links":{"self":[{"href":"https:\/\/langedykvintagewatches.com\/de\/wp-json\/wp\/v2\/product\/104077","targetHints":{"allow":["GET"]}}],"collection":[{"href":"https:\/\/langedykvintagewatches.com\/de\/wp-json\/wp\/v2\/product"}],"about":[{"href":"https:\/\/langedykvintagewatches.com\/de\/wp-json\/wp\/v2\/types\/product"}],"wp:featuredmedia":[{"embeddable":true,"href":"https:\/\/langedykvintagewatches.com\/de\/wp-json\/wp\/v2\/media\/104102"}],"wp:attachment":[{"href":"https:\/\/langedykvintagewatches.com\/de\/wp-json\/wp\/v2\/media?parent=104077"}],"wp:term":[{"taxonomy":"product_brand","embeddable":true,"href":"https:\/\/langedykvintagewatches.com\/de\/wp-json\/wp\/v2\/product_brand?post=104077"},{"taxonomy":"product_cat","embeddable":true,"href":"https:\/\/langedykvintagewatches.com\/de\/wp-json\/wp\/v2\/product_cat?post=104077"},{"taxonomy":"product_tag","embeddable":true,"href":"https:\/\/langedykvintagewatches.com\/de\/wp-json\/wp\/v2\/product_tag?post=104077"}],"curies":[{"name":"wp","href":"https:\/\/api.w.org\/{rel}","templated":true}]}}