{"id":102767,"date":"2026-02-01T12:38:51","date_gmt":"2026-02-01T11:38:51","guid":{"rendered":"https:\/\/langedykvintagewatches.com\/?post_type=product&#038;p=102767"},"modified":"2026-02-01T12:45:11","modified_gmt":"2026-02-01T11:45:11","slug":"gmt-master-ii-126711chnr-2","status":"publish","type":"product","link":"https:\/\/langedykvintagewatches.com\/de\/produkt\/gmt-master-ii-126711chnr-2\/","title":{"rendered":"NEW Rolex GMT-Master II Rootbeer 126711CHNR 2026 (Vollst\u00e4ndiger Satz)"},"content":{"rendered":"","protected":false},"excerpt":{"rendered":"<p>Rolex GMT-Master II Rootbeer Referenz 126711CHNR aus dem Jahr 2026 inklusive Komplettset. Die GMT-Master II 126711CHNR misst ein 40mm Ros\u00e9gold- und Edelstahlgeh\u00e4use, ein zweifarbiges Oyster-Armband mit Oysterclasp und CHNR Keramikl\u00fcnette. Die GMT-Master II 126711CHNR verf\u00fcgt \u00fcber ein Automatikkaliber 3285 mit Schnellverstellung des Datums, ein kratzfestes Saphirglas und ein schwarzes Zifferblatt mit Chromalight-Anzeige.<\/p>\n<p>Jede Uhr, die von Langedyk Vintage Watches verkauft wird, wird mit einer LVW-Uhrenbox, einem Echtheitsbericht und einem kostenlosen weltweiten (versicherten) Versand geliefert. Dar\u00fcber hinaus wird jede gebrauchte Uhr mit unserer 12-monatigen Garantie ab Kaufdatum angeboten.<\/p>\n<p>Wenn Sie Fragen haben oder zus\u00e4tzliche Informationen zu dieser Uhr erhalten m\u00f6chten, k\u00f6nnen Sie uns gerne telefonisch oder per E-Mail kontaktieren. Wir werden Ihre Anfrage so schnell wie m\u00f6glich beantworten.<\/p>\n<p>Werfen Sie auch einen Blick auf unser komplettes Angebot an Rolex<a href=\"https:\/\/langedykvintagewatches.com\/de\/rolex-brands-de\/gmt-master-ii-de\/\"> GMT-Master II<\/a> Uhren.<\/p>\n","protected":false},"featured_media":92808,"template":"","meta":{"_acf_changed":false},"product_brand":[],"product_cat":[1909,1984,2022,1979,1910,1914,1915,2021],"product_tag":[],"class_list":{"0":"post-102767","1":"product","2":"type-product","3":"status-publish","4":"has-post-thumbnail","5":"product_cat-herrenuhren","6":"product_cat-126711chnr-de","7":"product_cat-armbanduhren","8":"product_cat-gmt-master-ii-de","9":"product_cat-neu-eingetroffen","10":"product_cat-rolex-de","11":"product_cat-rolex-brands-de","12":"product_cat-unisex-armbanduhren","14":"first","15":"outofstock","16":"taxable","17":"shipping-taxable","18":"purchasable","19":"product-type-simple"},"acf":[],"_links":{"self":[{"href":"https:\/\/langedykvintagewatches.com\/de\/wp-json\/wp\/v2\/product\/102767","targetHints":{"allow":["GET"]}}],"collection":[{"href":"https:\/\/langedykvintagewatches.com\/de\/wp-json\/wp\/v2\/product"}],"about":[{"href":"https:\/\/langedykvintagewatches.com\/de\/wp-json\/wp\/v2\/types\/product"}],"wp:featuredmedia":[{"embeddable":true,"href":"https:\/\/langedykvintagewatches.com\/de\/wp-json\/wp\/v2\/media\/92808"}],"wp:attachment":[{"href":"https:\/\/langedykvintagewatches.com\/de\/wp-json\/wp\/v2\/media?parent=102767"}],"wp:term":[{"taxonomy":"product_brand","embeddable":true,"href":"https:\/\/langedykvintagewatches.com\/de\/wp-json\/wp\/v2\/product_brand?post=102767"},{"taxonomy":"product_cat","embeddable":true,"href":"https:\/\/langedykvintagewatches.com\/de\/wp-json\/wp\/v2\/product_cat?post=102767"},{"taxonomy":"product_tag","embeddable":true,"href":"https:\/\/langedykvintagewatches.com\/de\/wp-json\/wp\/v2\/product_tag?post=102767"}],"curies":[{"name":"wp","href":"https:\/\/api.w.org\/{rel}","templated":true}]}}