{"id":102524,"date":"2026-01-27T10:24:02","date_gmt":"2026-01-27T09:24:02","guid":{"rendered":"https:\/\/langedykvintagewatches.com\/?post_type=product&#038;p=102524"},"modified":"2026-01-27T10:26:17","modified_gmt":"2026-01-27T09:26:17","slug":"rolex-explorer-ii-226570-2","status":"publish","type":"product","link":"https:\/\/langedykvintagewatches.com\/de\/produkt\/rolex-explorer-ii-226570-2\/","title":{"rendered":"NEW Rolex Oyster Perpetual Explorer II White 226570 2025 (Vollst\u00e4ndiger Satz)"},"content":{"rendered":"","protected":false},"excerpt":{"rendered":"<p>Rolex Oyster Perpetual Explorer II Referenz 226570 aus dem Jahr 2025 mit komplettem Set. Die Explorer II 226570 misst ein 40mm Edelstahlgeh\u00e4use, ein Edelstahl Oyster Armband mit Fliplock Schlie\u00dfe und eine Edelstahl 24h-L\u00fcnette. Die Explorer II 226570 verf\u00fcgt \u00fcber ein Automatikwerk Kaliber 3285 mit einem wasserdichten Saphirglas und wei\u00dfem Zifferblatt mit Chromalight.<\/p>\n<p>Auf jede gebrauchte Uhr, die wir verkaufen, gew\u00e4hren wir eine 12-monatige Garantie ab dem Kaufdatum. Jede von Langedyk Vintage Watches verkaufte Uhr wird mit einer LVW-Uhrenbox, einem Echtheitsbericht und einem kostenlosen weltweiten (versicherten) Versand geliefert.<\/p>\n<p>Wenn Sie Fragen haben oder weitere Informationen zu dieser Uhr erhalten m\u00f6chten, k\u00f6nnen Sie uns gerne telefonisch oder per E-Mail kontaktieren. Wir werden so schnell wie m\u00f6glich auf Ihre Anfrage reagieren.<\/p>\n<p>Bitte schauen Sie sich auch unsere komplette Kollektion von Rolex <a href=\"https:\/\/langedykvintagewatches.com\/de\/rolex-brands-de\/explorer-de\/\">Explorer<\/a> Uhren an.<\/p>\n","protected":false},"featured_media":100460,"template":"","meta":{"_acf_changed":false},"product_brand":[],"product_cat":[1914,2022,1975,1909,1910,1915,2021,2600],"product_tag":[],"class_list":{"0":"post-102524","1":"product","2":"type-product","3":"status-publish","4":"has-post-thumbnail","5":"product_cat-rolex-de","6":"product_cat-armbanduhren","7":"product_cat-explorer-ii-de","8":"product_cat-herrenuhren","9":"product_cat-neu-eingetroffen","10":"product_cat-rolex-brands-de","11":"product_cat-unisex-armbanduhren","12":"product_cat-verkaufte-uhren","14":"first","15":"outofstock","16":"taxable","17":"shipping-taxable","18":"purchasable","19":"product-type-simple"},"acf":[],"_links":{"self":[{"href":"https:\/\/langedykvintagewatches.com\/de\/wp-json\/wp\/v2\/product\/102524","targetHints":{"allow":["GET"]}}],"collection":[{"href":"https:\/\/langedykvintagewatches.com\/de\/wp-json\/wp\/v2\/product"}],"about":[{"href":"https:\/\/langedykvintagewatches.com\/de\/wp-json\/wp\/v2\/types\/product"}],"wp:featuredmedia":[{"embeddable":true,"href":"https:\/\/langedykvintagewatches.com\/de\/wp-json\/wp\/v2\/media\/100460"}],"wp:attachment":[{"href":"https:\/\/langedykvintagewatches.com\/de\/wp-json\/wp\/v2\/media?parent=102524"}],"wp:term":[{"taxonomy":"product_brand","embeddable":true,"href":"https:\/\/langedykvintagewatches.com\/de\/wp-json\/wp\/v2\/product_brand?post=102524"},{"taxonomy":"product_cat","embeddable":true,"href":"https:\/\/langedykvintagewatches.com\/de\/wp-json\/wp\/v2\/product_cat?post=102524"},{"taxonomy":"product_tag","embeddable":true,"href":"https:\/\/langedykvintagewatches.com\/de\/wp-json\/wp\/v2\/product_tag?post=102524"}],"curies":[{"name":"wp","href":"https:\/\/api.w.org\/{rel}","templated":true}]}}