{"id":102431,"date":"2026-01-21T13:42:40","date_gmt":"2026-01-21T12:42:40","guid":{"rendered":"https:\/\/langedykvintagewatches.com\/?post_type=product&#038;p=102431"},"modified":"2026-01-21T13:42:40","modified_gmt":"2026-01-21T12:42:40","slug":"rolex-yacht-master-ii-116680-2","status":"publish","type":"product","link":"https:\/\/langedykvintagewatches.com\/de\/produkt\/rolex-yacht-master-ii-116680-2\/","title":{"rendered":"Rolex Yacht Master II White 116680 2018 (Vollst\u00e4ndiger Satz)"},"content":{"rendered":"","protected":false},"excerpt":{"rendered":"<p>Rolex Oyster Perpetual Yacht-Master Referenz 116680 aus dem Jahr 2018 inklusive komplettem Set. Die Yacht-Master 116680 misst ein 44mm Edelstahlgeh\u00e4use, ein Edelstahl-Oyster-Armband mit Faltschlie\u00dfe und eine blaue L\u00fcnette. Die Yacht-Master 116680 verf\u00fcgt \u00fcber ein Automatikwerk Kaliber 4161 mit einem kratzfesten Saphirglas und wei\u00dfem Zifferblatt mit Chromalight-Anzeige. Jede Uhr, die von Langedyk Vintage Watches verkauft wird, wird mit einer LVW Uhrenbox, einem Echtheitsbericht und einem kostenlosen weltweiten (versicherten) Versand geliefert. Dar\u00fcber hinaus wird jede gebrauchte Uhr mit unserer 12-monatigen Garantie ab dem Kaufdatum angeboten.<\/p>\n<p>Wenn Sie Fragen haben oder zus\u00e4tzliche Informationen zu dieser Uhr erhalten m\u00f6chten, k\u00f6nnen Sie uns gerne telefonisch oder per E-Mail kontaktieren. Wir werden Ihre Anfrage so schnell wie m\u00f6glich beantworten.<\/p>\n<p>Werfen Sie auch einen Blick auf unser komplettes Angebot an Rolex <a href=\"https:\/\/langedykvintagewatches.com\/de\/rolex-brands-de\/yacht-master-de\/\">Yacht-Master<\/a> Uhren.<\/p>\n","protected":false},"featured_media":101993,"template":"","meta":{"_acf_changed":false},"product_brand":[],"product_cat":[1909,3248,2022,1910,1914,1915,2010],"product_tag":[],"class_list":{"0":"post-102431","1":"product","2":"type-product","3":"status-publish","4":"has-post-thumbnail","5":"product_cat-herrenuhren","6":"product_cat-3248","7":"product_cat-armbanduhren","8":"product_cat-neu-eingetroffen","9":"product_cat-rolex-de","10":"product_cat-rolex-brands-de","11":"product_cat-yacht-master-de","13":"first","14":"instock","15":"taxable","16":"shipping-taxable","17":"purchasable","18":"product-type-simple"},"acf":[],"_links":{"self":[{"href":"https:\/\/langedykvintagewatches.com\/de\/wp-json\/wp\/v2\/product\/102431","targetHints":{"allow":["GET"]}}],"collection":[{"href":"https:\/\/langedykvintagewatches.com\/de\/wp-json\/wp\/v2\/product"}],"about":[{"href":"https:\/\/langedykvintagewatches.com\/de\/wp-json\/wp\/v2\/types\/product"}],"wp:featuredmedia":[{"embeddable":true,"href":"https:\/\/langedykvintagewatches.com\/de\/wp-json\/wp\/v2\/media\/101993"}],"wp:attachment":[{"href":"https:\/\/langedykvintagewatches.com\/de\/wp-json\/wp\/v2\/media?parent=102431"}],"wp:term":[{"taxonomy":"product_brand","embeddable":true,"href":"https:\/\/langedykvintagewatches.com\/de\/wp-json\/wp\/v2\/product_brand?post=102431"},{"taxonomy":"product_cat","embeddable":true,"href":"https:\/\/langedykvintagewatches.com\/de\/wp-json\/wp\/v2\/product_cat?post=102431"},{"taxonomy":"product_tag","embeddable":true,"href":"https:\/\/langedykvintagewatches.com\/de\/wp-json\/wp\/v2\/product_tag?post=102431"}],"curies":[{"name":"wp","href":"https:\/\/api.w.org\/{rel}","templated":true}]}}