{"id":101699,"date":"2026-01-20T10:57:21","date_gmt":"2026-01-20T09:57:21","guid":{"rendered":"https:\/\/langedykvintagewatches.com\/?post_type=product&#038;p=101699"},"modified":"2026-03-12T15:01:25","modified_gmt":"2026-03-12T14:01:25","slug":"hermes-mini-kelly","status":"publish","type":"product","link":"https:\/\/langedykvintagewatches.com\/de\/produkt\/hermes-mini-kelly\/","title":{"rendered":"NEW Hermes Mini Kelly Epsom Etoupe 2019 (Dustbag &#038; Box)"},"content":{"rendered":"","protected":false},"excerpt":{"rendered":"<p data-start=\"44\" data-end=\"499\">Die Herm\u00e8s Mini Kelly aus Epsom-Leder in der Farbe \u00c9toupe. Diese ikonische Handtasche wird aus robustem und zugleich leichtem Epsom-Leder in dem zeitlosen Farbton \u00c9toupe gefertigt. Die strukturierte Silhouette wird durch Palladium-Hardware erg\u00e4nzt, die einen eleganten und modernen Kontrast zum weichen taupefarbenen Leder bildet. Trotz ihrer kompakten Gr\u00f6\u00dfe ist die Mini Kelly ein echtes Statement-Piece und bei Sammlern sowie Liebhabern \u00e4u\u00dferst begehrt.<\/p>\n<p data-start=\"501\" data-end=\"845\">Dieses au\u00dfergew\u00f6hnliche Exemplar stammt aus dem Jahr 2019 und befindet sich in neuwertigem Zustand. Die Tasche wird mit dem originalen Staubbeutel und der Box geliefert. Eine Besichtigung ist nach Terminvereinbarung in unserem Showroom in Heerhugowaard m\u00f6glich, wo Sie die Handwerkskunst und Eleganz von Herm\u00e8s aus n\u00e4chster N\u00e4he erleben k\u00f6nnen.<\/p>\n<p data-start=\"847\" data-end=\"1017\" data-is-last-node=\"\" data-is-only-node=\"\">Haben Sie Fragen zu dieser Herm\u00e8s Handtasche? Wir helfen Ihnen gerne weiter und antworten so schnell wie m\u00f6glich. Sind Sie auf der Suche nach einer anderen Herm\u00e8s Tasche?<\/p>\n","protected":false},"featured_media":101942,"template":"","meta":{"_acf_changed":false},"product_brand":[],"product_cat":[3170,3187],"product_tag":[],"class_list":{"0":"post-101699","1":"product","2":"type-product","3":"status-publish","4":"has-post-thumbnail","5":"product_cat-hermes-handtaschen","6":"product_cat-kelly","8":"first","9":"instock","10":"taxable","11":"shipping-taxable","12":"purchasable","13":"product-type-simple"},"acf":[],"_links":{"self":[{"href":"https:\/\/langedykvintagewatches.com\/de\/wp-json\/wp\/v2\/product\/101699","targetHints":{"allow":["GET"]}}],"collection":[{"href":"https:\/\/langedykvintagewatches.com\/de\/wp-json\/wp\/v2\/product"}],"about":[{"href":"https:\/\/langedykvintagewatches.com\/de\/wp-json\/wp\/v2\/types\/product"}],"wp:featuredmedia":[{"embeddable":true,"href":"https:\/\/langedykvintagewatches.com\/de\/wp-json\/wp\/v2\/media\/101942"}],"wp:attachment":[{"href":"https:\/\/langedykvintagewatches.com\/de\/wp-json\/wp\/v2\/media?parent=101699"}],"wp:term":[{"taxonomy":"product_brand","embeddable":true,"href":"https:\/\/langedykvintagewatches.com\/de\/wp-json\/wp\/v2\/product_brand?post=101699"},{"taxonomy":"product_cat","embeddable":true,"href":"https:\/\/langedykvintagewatches.com\/de\/wp-json\/wp\/v2\/product_cat?post=101699"},{"taxonomy":"product_tag","embeddable":true,"href":"https:\/\/langedykvintagewatches.com\/de\/wp-json\/wp\/v2\/product_tag?post=101699"}],"curies":[{"name":"wp","href":"https:\/\/api.w.org\/{rel}","templated":true}]}}