{"id":101687,"date":"2026-01-20T10:57:22","date_gmt":"2026-01-20T09:57:22","guid":{"rendered":"https:\/\/langedykvintagewatches.com\/?post_type=product&#038;p=101687"},"modified":"2026-01-20T10:57:22","modified_gmt":"2026-01-20T09:57:22","slug":"rolex-datejust-126613ln","status":"publish","type":"product","link":"https:\/\/langedykvintagewatches.com\/de\/produkt\/rolex-datejust-126613ln\/","title":{"rendered":"Rolex Submariner Black 126613LN 2023 (Vollst\u00e4ndiger Satz)"},"content":{"rendered":"","protected":false},"excerpt":{"rendered":"<p>Rolex Submariner Date Referenz 126613LN. Die Submariner Date misst ein 41mm Gold \/ Edelstahl-Geh\u00e4use, ein Gold \/ Edelstahl Oyster Armband w \/ Oysterlock Schlie\u00dfe und eine Keramik (drehbar) L\u00fcnette. Die Submariner Date 126613LN verf\u00fcgt \u00fcber ein Automatikwerk Kaliber 3135, ein kratzfestes Saphirglas und ein blaues Zifferblatt mit Chromalight-Anzeige.<\/p>\n<p>Jede Uhr, die von Langedyk Vintage Watches verkauft wird, wird mit einer LVW-Uhrenbox, einem Echtheitsbericht und einem kostenlosen weltweiten (versicherten) Versand geliefert. Dar\u00fcber hinaus wird jede gebrauchte Uhr mit unserer 12-monatigen Garantie ab Kaufdatum angeboten.<\/p>\n<p>Wenn Sie Fragen haben oder weitere Informationen zu dieser Uhr erhalten m\u00f6chten, kontaktieren Sie uns bitte per Telefon oder E-Mail. Wir werden Ihre Anfrage so schnell wie m\u00f6glich beantworten.<\/p>\n<p>Werfen Sie auch einen Blick auf unser komplettes Angebot an Rolex <a href=\"https:\/\/langedykvintagewatches.com\/de\/rolex-brands-de\/submariner-de\/\">Submariner<\/a> Uhren.<\/p>\n","protected":false},"featured_media":102065,"template":"","meta":{"_acf_changed":false},"product_brand":[],"product_cat":[3239,2022,1909,1910,1914,1915,2001],"product_tag":[],"class_list":{"0":"post-101687","1":"product","2":"type-product","3":"status-publish","4":"has-post-thumbnail","5":"product_cat-126613ln","6":"product_cat-armbanduhren","7":"product_cat-herrenuhren","8":"product_cat-neu-eingetroffen","9":"product_cat-rolex-de","10":"product_cat-rolex-brands-de","11":"product_cat-submariner-de","13":"first","14":"outofstock","15":"taxable","16":"shipping-taxable","17":"purchasable","18":"product-type-simple"},"acf":[],"_links":{"self":[{"href":"https:\/\/langedykvintagewatches.com\/de\/wp-json\/wp\/v2\/product\/101687","targetHints":{"allow":["GET"]}}],"collection":[{"href":"https:\/\/langedykvintagewatches.com\/de\/wp-json\/wp\/v2\/product"}],"about":[{"href":"https:\/\/langedykvintagewatches.com\/de\/wp-json\/wp\/v2\/types\/product"}],"wp:featuredmedia":[{"embeddable":true,"href":"https:\/\/langedykvintagewatches.com\/de\/wp-json\/wp\/v2\/media\/102065"}],"wp:attachment":[{"href":"https:\/\/langedykvintagewatches.com\/de\/wp-json\/wp\/v2\/media?parent=101687"}],"wp:term":[{"taxonomy":"product_brand","embeddable":true,"href":"https:\/\/langedykvintagewatches.com\/de\/wp-json\/wp\/v2\/product_brand?post=101687"},{"taxonomy":"product_cat","embeddable":true,"href":"https:\/\/langedykvintagewatches.com\/de\/wp-json\/wp\/v2\/product_cat?post=101687"},{"taxonomy":"product_tag","embeddable":true,"href":"https:\/\/langedykvintagewatches.com\/de\/wp-json\/wp\/v2\/product_tag?post=101687"}],"curies":[{"name":"wp","href":"https:\/\/api.w.org\/{rel}","templated":true}]}}