{"id":101675,"date":"2026-02-04T11:03:24","date_gmt":"2026-02-04T10:03:24","guid":{"rendered":"https:\/\/langedykvintagewatches.com\/?post_type=product&#038;p=101675"},"modified":"2026-02-05T13:00:42","modified_gmt":"2026-02-05T12:00:42","slug":"patek-philippe-nautilus-5711-1a-014-2","status":"publish","type":"product","link":"https:\/\/langedykvintagewatches.com\/de\/produkt\/patek-philippe-nautilus-5711-1a-014-2\/","title":{"rendered":"NEW Patek Philippe Nautilus Green 5711\/1A-014 2021 (Vollst\u00e4ndiger Satz)"},"content":{"rendered":"","protected":false},"excerpt":{"rendered":"<p>Patek Philippe Nautilus 5711\/1A-014 mit gr\u00fcner Zifferblatt und Chromalight-Display aus 2021, einschlie\u00dflich Full Set und in Mint Condition. Die Patek Philippe Nautilus 5711\/1A-014 verf\u00fcgt \u00fcber ein 40 mm Edelstahlgeh\u00e4use, ein Edelstahlarmband mit Klappverschluss und ein auff\u00e4lliges gr\u00fcnes Zifferblatt. Die Uhr ist mit einem automatischen Uhrwerk, Kaliber 324 S C, ausgestattet und hat ein kratzfestes Saphirglas. Das Zifferblatt verf\u00fcgt \u00fcber ein Chromalight-Display f\u00fcr eine verbesserte Ablesbarkeit bei schwachem<\/p>\n<p>Wenn Sie Fragen haben oder zus\u00e4tzliche Informationen zu dieser Uhr erhalten m\u00f6chten, k\u00f6nnen Sie uns gerne telefonisch oder per E-Mail kontaktieren. Wir werden Ihre Anfrage so schnell wie m\u00f6glich beantworten.<\/p>\n<p>Werfen Sie auch einen Blick auf unsere komplette Kollektion Uhren.<\/p>\n","protected":false},"featured_media":101490,"template":"","meta":{"_acf_changed":false},"product_brand":[],"product_cat":[1909,2022,1910,2997],"product_tag":[],"class_list":{"0":"post-101675","1":"product","2":"type-product","3":"status-publish","4":"has-post-thumbnail","5":"product_cat-herrenuhren","6":"product_cat-armbanduhren","7":"product_cat-neu-eingetroffen","8":"product_cat-patek-philippe-de","10":"first","11":"outofstock","12":"taxable","13":"shipping-taxable","14":"purchasable","15":"product-type-simple"},"acf":[],"_links":{"self":[{"href":"https:\/\/langedykvintagewatches.com\/de\/wp-json\/wp\/v2\/product\/101675","targetHints":{"allow":["GET"]}}],"collection":[{"href":"https:\/\/langedykvintagewatches.com\/de\/wp-json\/wp\/v2\/product"}],"about":[{"href":"https:\/\/langedykvintagewatches.com\/de\/wp-json\/wp\/v2\/types\/product"}],"wp:featuredmedia":[{"embeddable":true,"href":"https:\/\/langedykvintagewatches.com\/de\/wp-json\/wp\/v2\/media\/101490"}],"wp:attachment":[{"href":"https:\/\/langedykvintagewatches.com\/de\/wp-json\/wp\/v2\/media?parent=101675"}],"wp:term":[{"taxonomy":"product_brand","embeddable":true,"href":"https:\/\/langedykvintagewatches.com\/de\/wp-json\/wp\/v2\/product_brand?post=101675"},{"taxonomy":"product_cat","embeddable":true,"href":"https:\/\/langedykvintagewatches.com\/de\/wp-json\/wp\/v2\/product_cat?post=101675"},{"taxonomy":"product_tag","embeddable":true,"href":"https:\/\/langedykvintagewatches.com\/de\/wp-json\/wp\/v2\/product_tag?post=101675"}],"curies":[{"name":"wp","href":"https:\/\/api.w.org\/{rel}","templated":true}]}}