{"id":100381,"date":"2026-01-13T10:04:41","date_gmt":"2026-01-13T09:04:41","guid":{"rendered":"https:\/\/langedykvintagewatches.com\/?post_type=product&#038;p=100381"},"modified":"2026-01-13T10:04:50","modified_gmt":"2026-01-13T09:04:50","slug":"rolex-lady-datejust-278274-6","status":"publish","type":"product","link":"https:\/\/langedykvintagewatches.com\/de\/produkt\/rolex-lady-datejust-278274-6\/","title":{"rendered":"Rolex Lady-Datejust Blue Roman 278274 2021 (Vollst\u00e4ndiger Satz)"},"content":{"rendered":"","protected":false},"excerpt":{"rendered":"<p class=\"p2\">Rolex Oyster Perpetual Lady-Datejust Referenz 278274 aus dem Jahr 2025 einschlie\u00dflich voller Satz. Die Lady-Datejust 278274 misst ein 31mm Edelstahl Geh\u00e4use, ein Edelstahl oyster armband mit verdeckter Kronenschlie\u00dfe, und eine kannelierte18k Wei\u00dfgold L\u00fcnette. Diese Lady-Datejust 278274 verf\u00fcgt \u00fcber ein Automatikwerk Kaliber 2235 mit Schnellverstellung des Datums, ein kratzfestes Saphirglas und ein Blaues Zifferblatt mit R\u00f6mischen markierungen.<\/p>\n<p>Jede Uhr, die von Langedyk Vintage Watches verkauft wird, wird mit einer LVW-Uhrenbox, einem Echtheitsbericht und einem kostenlosen weltweiten (versicherten) Versand geliefert. Dar\u00fcber hinaus wird jede gebrauchte Uhr mit unserer 12-monatigen Garantie ab dem Kaufdatum angeboten.<\/p>\n<p>Wenn Sie Fragen haben oder zus\u00e4tzliche Informationen zu dieser Uhr erhalten m\u00f6chten, k\u00f6nnen Sie uns gerne telefonisch oder per E-Mail kontaktieren. Wir werden Ihre Anfrage so schnell wie m\u00f6glich beantworten.<\/p>\n<p>Werfen Sie auch einen Blick auf unser komplettes Angebot an Rolex <a href=\"https:\/\/langedykvintagewatches.com\/de\/rolex-brands-de\/datejust-lady-de\/\">Datejust<\/a> Uhren.<\/p>\n","protected":false},"featured_media":101373,"template":"","meta":{"_acf_changed":false},"product_brand":[],"product_cat":[1910,1950,2022,2023,1943,1914,1915,2021],"product_tag":[],"class_list":{"0":"post-100381","1":"product","2":"type-product","3":"status-publish","4":"has-post-thumbnail","5":"product_cat-neu-eingetroffen","6":"product_cat-278274-de","7":"product_cat-armbanduhren","8":"product_cat-damenuhren","9":"product_cat-datejust-lady-de","10":"product_cat-rolex-de","11":"product_cat-rolex-brands-de","12":"product_cat-unisex-armbanduhren","14":"first","15":"instock","16":"taxable","17":"shipping-taxable","18":"purchasable","19":"product-type-simple"},"acf":[],"_links":{"self":[{"href":"https:\/\/langedykvintagewatches.com\/de\/wp-json\/wp\/v2\/product\/100381","targetHints":{"allow":["GET"]}}],"collection":[{"href":"https:\/\/langedykvintagewatches.com\/de\/wp-json\/wp\/v2\/product"}],"about":[{"href":"https:\/\/langedykvintagewatches.com\/de\/wp-json\/wp\/v2\/types\/product"}],"wp:featuredmedia":[{"embeddable":true,"href":"https:\/\/langedykvintagewatches.com\/de\/wp-json\/wp\/v2\/media\/101373"}],"wp:attachment":[{"href":"https:\/\/langedykvintagewatches.com\/de\/wp-json\/wp\/v2\/media?parent=100381"}],"wp:term":[{"taxonomy":"product_brand","embeddable":true,"href":"https:\/\/langedykvintagewatches.com\/de\/wp-json\/wp\/v2\/product_brand?post=100381"},{"taxonomy":"product_cat","embeddable":true,"href":"https:\/\/langedykvintagewatches.com\/de\/wp-json\/wp\/v2\/product_cat?post=100381"},{"taxonomy":"product_tag","embeddable":true,"href":"https:\/\/langedykvintagewatches.com\/de\/wp-json\/wp\/v2\/product_tag?post=100381"}],"curies":[{"name":"wp","href":"https:\/\/api.w.org\/{rel}","templated":true}]}}