{"id":100365,"date":"2026-01-06T10:06:34","date_gmt":"2026-01-06T09:06:34","guid":{"rendered":"https:\/\/langedykvintagewatches.com\/?post_type=product&#038;p=100365"},"modified":"2026-01-06T10:06:42","modified_gmt":"2026-01-06T09:06:42","slug":"rolex-datejust-126234-24","status":"publish","type":"product","link":"https:\/\/langedykvintagewatches.com\/de\/produkt\/rolex-datejust-126234-24\/","title":{"rendered":"Rolex Oyster Perpetual Datejust Blue 126234 2024 (Vollst\u00e4ndiger Satz)"},"content":{"rendered":"","protected":false},"excerpt":{"rendered":"<p>Rolex Oyster Perpetual Datejust Referenz 126234 aus dem Jahr 2024 inklusive Komplettset. Die Datejust 126234 verf\u00fcgt \u00fcber ein 36-mm-Edelstahlgeh\u00e4use, ein Edelstahlarmband Jubilee mit Oysterclasp und eine geriffelte L\u00fcnette aus 18 Karat Wei\u00dfgold. Diese Datejust 126234 ist mit einem Automatikwerk Kaliber 3235 mit Quickset-Datumsfunktion, kratzfestem Saphirglas und einem blauen Zifferblatt mit Chromalight-Zeigern und -Indizes ausgestattet.<\/p>\n<p>Jede von uns verkaufte gebrauchte Uhr wird mit einer 12-monatigen Garantie ab Kaufdatum geliefert. Jede von Langedyk Vintage Watches verkaufte Uhr wird mit einer LVW-Uhrenbox, einem Echtheitszertifikat und kostenlosem (versicherten) weltweiten Versand geliefert. Wenn Sie Fragen haben oder weitere Informationen zu dieser Uhr erhalten m\u00f6chten, k\u00f6nnen Sie sich gerne telefonisch oder per E-Mail an uns wenden. Wir werden Ihre Anfrage so schnell wie m\u00f6glich beantworten.<\/p>\n<p>Werfen Sie auch einen Blick auf unsere gesamte Kollektion von Rolex Datejust-Uhren.<\/p>\n","protected":false},"featured_media":100725,"template":"","meta":{"_acf_changed":false},"product_brand":[],"product_cat":[1909,1937,2022,2023,1922,1910,1915,1914,2021],"product_tag":[],"class_list":{"0":"post-100365","1":"product","2":"type-product","3":"status-publish","4":"has-post-thumbnail","5":"product_cat-herrenuhren","6":"product_cat-126234-de","7":"product_cat-armbanduhren","8":"product_cat-damenuhren","9":"product_cat-datejust-de","10":"product_cat-neu-eingetroffen","11":"product_cat-rolex-brands-de","12":"product_cat-rolex-de","13":"product_cat-unisex-armbanduhren","15":"first","16":"outofstock","17":"taxable","18":"shipping-taxable","19":"purchasable","20":"product-type-simple"},"acf":[],"_links":{"self":[{"href":"https:\/\/langedykvintagewatches.com\/de\/wp-json\/wp\/v2\/product\/100365","targetHints":{"allow":["GET"]}}],"collection":[{"href":"https:\/\/langedykvintagewatches.com\/de\/wp-json\/wp\/v2\/product"}],"about":[{"href":"https:\/\/langedykvintagewatches.com\/de\/wp-json\/wp\/v2\/types\/product"}],"wp:featuredmedia":[{"embeddable":true,"href":"https:\/\/langedykvintagewatches.com\/de\/wp-json\/wp\/v2\/media\/100725"}],"wp:attachment":[{"href":"https:\/\/langedykvintagewatches.com\/de\/wp-json\/wp\/v2\/media?parent=100365"}],"wp:term":[{"taxonomy":"product_brand","embeddable":true,"href":"https:\/\/langedykvintagewatches.com\/de\/wp-json\/wp\/v2\/product_brand?post=100365"},{"taxonomy":"product_cat","embeddable":true,"href":"https:\/\/langedykvintagewatches.com\/de\/wp-json\/wp\/v2\/product_cat?post=100365"},{"taxonomy":"product_tag","embeddable":true,"href":"https:\/\/langedykvintagewatches.com\/de\/wp-json\/wp\/v2\/product_tag?post=100365"}],"curies":[{"name":"wp","href":"https:\/\/api.w.org\/{rel}","templated":true}]}}