{"id":53684,"date":"2024-01-26T10:16:35","date_gmt":"2024-01-26T10:16:35","guid":{"rendered":"https:\/\/langedykvintagewatches.com\/?page_id=53684"},"modified":"2026-01-07T12:52:26","modified_gmt":"2026-01-07T11:52:26","slug":"reparaturdienste","status":"publish","type":"page","link":"https:\/\/langedykvintagewatches.com\/de\/reparaturdienste\/","title":{"rendered":"Reparaturdienste"},"content":{"rendered":"  <div id=\"page-header-1686733994\" class=\"page-header-wrapper\">\n  <div class=\"page-title dark featured-title has-parallax\">\n\n        <div class=\"page-title-bg\">\n      <div class=\"title-bg fill bg-fill\"\n        data-parallax-container=\".page-title\"\n        data-parallax-background\n        data-parallax=\"-4\">\n      <\/div>\n      <div class=\"title-overlay fill\"><\/div>\n    <\/div>\n    \n    <div class=\"page-title-inner container align-center text-center flex-row-col medium-flex-wrap\" >\n              <div class=\"title-wrapper is-larger flex-col\">\n          <h1 class=\"entry-title mb-0\">\n            Reparaturdienste          <\/h1>\n        <\/div>\n                    <div class=\"title-content flex-col\">\n        <ul class=\"nav sm-touch-scroll nav-line nav-uppercase text-center nav-center\"><li class=\"nav-single-page hidden\"><\/li><\/ul>      <\/div>\n    <\/div>\n\n     \n<style>\n#page-header-1686733994 .page-title-inner {\n  min-height: 173px;\n}\n#page-header-1686733994 {\n  margin-bottom: 40px;\n}\n#page-header-1686733994 .title-bg {\n  background-image: url(https:\/\/langedykvintagewatches.com\/wp-content\/uploads\/2022\/03\/Optie-4-LQ-wide.jpg);\n  background-position: 0% 72%;\n}\n#page-header-1686733994 .title-overlay {\n  background-color: rgba(29, 49, 56, 0.9);\n}\n#page-header-1686733994 .featured-title {\n  background-color: rgb(0,0,0);\n}\n<\/style>\n  <\/div>\n    <\/div>\n  \n\n\t<section class=\"section\" id=\"section_626811121\">\n\t\t<div class=\"section-bg fill\" >\n\t\t\t\t\t\t\t\t\t\n\t\t\t\n\n\t\t<\/div>\n\n\t\t\n\n\t\t<div class=\"section-content relative\">\n\t\t\t\n<div class=\"row\"  id=\"row-265922676\">\n\n\t<div id=\"col-842095371\" class=\"col small-12 large-12\"  >\n\t\t\t\t<div class=\"col-inner\"  >\n\t\t\t\n\t\t\t\n<h2><strong>Uhrenservice\u00a0<\/strong><\/h2>\n<p>Die Wartung Ihres wertvollen Zeitmessers umfasst eine gr\u00fcndliche Inspektion der Uhrwerksteile, um Abnutzungserscheinungen festzustellen, und gegebenenfalls einen Austausch dieser Teile. Anschlie\u00dfend wird die Uhr gr\u00fcndlich gereinigt, wieder zusammengebaut und die Teile werden geschmiert. Anschlie\u00dfend werden die Dichtungen \u00fcberpr\u00fcft und Ihre Uhr auf Wasserdichtigkeit getestet. Anschlie\u00dfend wird die Uhr justiert, um eine optimale Funktion zu gew\u00e4hrleisten.<\/p>\n<p>Es ist wichtig zu wissen, dass der anf\u00e4ngliche Preis auf einer regelm\u00e4\u00dfigen Wartung basiert, ohne dass gr\u00f6\u00dfere Teile ausgetauscht oder Sch\u00e4den repariert werden. Unser Ziel ist es, Ihre Rolex mit viel Liebe zum Detail und handwerklichem K\u00f6nnen in einen Top-Zustand zu bringen und zu erhalten. Ein Uhrenservice beinhaltet standardm\u00e4\u00dfig eine 12-monatige Garantie auf Ihren Zeitmesser.<\/p>\n<p>Der Preis f\u00fcr einen Uhrenservice <strong>beginnt bei \u20ac350,00 ohne Ersatzteile<\/strong><\/p>\n<h2><strong>General\u00fcberholung<\/strong><\/h2>\n<p>Unsere engagierten und erfahrenen Spezialisten bieten einen umfassenden Service f\u00fcr Ihre Uhr. Jede gewartete Uhr wird einer sorgf\u00e4ltigen \u00dcberholung unterzogen, einschlie\u00dflich kompletter Demontage, Ultraschallreinigung, gr\u00fcndlicher Verschlei\u00dfpr\u00fcfung, Austausch von Dichtungen, pr\u00e4ziser \u00d6lauftragung auf wichtige Teile und fachm\u00e4nnischer (vollst\u00e4ndiger) Politur. Bei einer vollst\u00e4ndigen \u00dcberholung erhalten Sie standardm\u00e4\u00dfig eine 12-monatige Garantie auf Ihren Zeitmesser.<\/p>\n<p>Der Preis f\u00fcr eine komplette \u00dcberholung <strong>beginnt bei \u20ac450,00 ohne Teile.<\/strong><\/p>\n<h2><strong>Polieren<\/strong><\/h2>\n<p>Sie haben die M\u00f6glichkeit, Ihren exklusiven Zeitmesser in sein urspr\u00fcngliches Aussehen zur\u00fcckversetzen zu lassen. Unsere spezialisierten Handwerker entfernen Kratzer und Unvollkommenheiten mit hochwertigen Techniken. Je nach dem aktuellen Zustand Ihrer Uhr werden fortschrittliche Techniken angewandt, darunter pr\u00e4zises manuelles Polieren, maschinelles Polieren, pr\u00e4zises Laserschwei\u00dfen, hochwertiges Strahlen und, falls erforderlich, das Formen des Uhrengeh\u00e4uses durch Lapidieren.<\/p>\n<p>Die Preise f\u00fcr das Polieren <strong>beginnen bei \u20ac175,00<\/strong><\/p>\n<h2><strong>Teilweise Reparaturen<\/strong><\/h2>\n<p>Neben einer General\u00fcberholung k\u00f6nnen Sie auch Teilreparaturen von uns durchf\u00fchren lassen. Reparaturen wie z.B. der Austausch Ihres Plexiglases\/Safierglases, der Wechsel eines Zifferblattes, der Austausch einer Feder, der Austausch von Dichtungen oder das K\u00fcrzen Ihres Uhrenarmbandes.<\/p>\n<p>Sie erhalten einen Kostenvoranschlag f\u00fcr die verschiedenen Teilreparaturen.<\/p>\n<p>F\u00fcllen Sie das untenstehende Kontaktformular aus, um die Stundenreparatur\/Teilreparatur anzugeben. Wir werden Ihre Anfrage per E-Mail so schnell wie m\u00f6glich innerhalb von 24 Stunden beantworten. Dar\u00fcber hinaus k\u00f6nnen Sie uns auch telefonisch unter +31616168642 erreichen.<\/p>\n<script>\nvar gform;gform||(document.addEventListener(\"gform_main_scripts_loaded\",function(){gform.scriptsLoaded=!0}),document.addEventListener(\"gform\/theme\/scripts_loaded\",function(){gform.themeScriptsLoaded=!0}),window.addEventListener(\"DOMContentLoaded\",function(){gform.domLoaded=!0}),gform={domLoaded:!1,scriptsLoaded:!1,themeScriptsLoaded:!1,isFormEditor:()=>\"function\"==typeof InitializeEditor,callIfLoaded:function(o){return!(!gform.domLoaded||!gform.scriptsLoaded||!gform.themeScriptsLoaded&&!gform.isFormEditor()||(gform.isFormEditor()&&console.warn(\"The use of gform.initializeOnLoaded() is deprecated in the form editor context and will be removed in Gravity Forms 3.1.\"),o(),0))},initializeOnLoaded:function(o){gform.callIfLoaded(o)||(document.addEventListener(\"gform_main_scripts_loaded\",()=>{gform.scriptsLoaded=!0,gform.callIfLoaded(o)}),document.addEventListener(\"gform\/theme\/scripts_loaded\",()=>{gform.themeScriptsLoaded=!0,gform.callIfLoaded(o)}),window.addEventListener(\"DOMContentLoaded\",()=>{gform.domLoaded=!0,gform.callIfLoaded(o)}))},hooks:{action:{},filter:{}},addAction:function(o,r,e,t){gform.addHook(\"action\",o,r,e,t)},addFilter:function(o,r,e,t){gform.addHook(\"filter\",o,r,e,t)},doAction:function(o){gform.doHook(\"action\",o,arguments)},applyFilters:function(o){return gform.doHook(\"filter\",o,arguments)},removeAction:function(o,r){gform.removeHook(\"action\",o,r)},removeFilter:function(o,r,e){gform.removeHook(\"filter\",o,r,e)},addHook:function(o,r,e,t,n){null==gform.hooks[o][r]&&(gform.hooks[o][r]=[]);var d=gform.hooks[o][r];null==n&&(n=r+\"_\"+d.length),gform.hooks[o][r].push({tag:n,callable:e,priority:t=null==t?10:t})},doHook:function(r,o,e){var t;if(e=Array.prototype.slice.call(e,1),null!=gform.hooks[r][o]&&((o=gform.hooks[r][o]).sort(function(o,r){return o.priority-r.priority}),o.forEach(function(o){\"function\"!=typeof(t=o.callable)&&(t=window[t]),\"action\"==r?t.apply(null,e):e[0]=t.apply(null,e)})),\"filter\"==r)return e[0]},removeHook:function(o,r,t,n){var e;null!=gform.hooks[o][r]&&(e=(e=gform.hooks[o][r]).filter(function(o,r,e){return!!(null!=n&&n!=o.tag||null!=t&&t!=o.priority)}),gform.hooks[o][r]=e)}});\n<\/script>\n\n                <div class='gf_browser_gecko gform_wrapper gravity-theme gform-theme--no-framework' data-form-theme='gravity-theme' data-form-index='0' id='gform_wrapper_9' >\n                        <div class='gform_heading'>\n                            <p class='gform_description'><\/p>\n\t\t\t\t\t\t\t<p class='gform_required_legend'>\u201e<span class=\"gfield_required gfield_required_asterisk\">*<\/span>\u201c zeigt erforderliche Felder an<\/p>\n                        <\/div><form method='post' enctype='multipart\/form-data'  id='gform_9'  action='\/de\/wp-json\/wp\/v2\/pages\/53684' data-formid='9' novalidate>\n                        <div class='gform-body gform_body'><div id='gform_fields_9' class='gform_fields top_label form_sublabel_below description_below validation_below'><div id=\"field_9_18\" class=\"gfield gfield--type-select gfield--input-type-select gfield--width-full gfield_contains_required field_sublabel_below gfield--no-description field_description_below field_validation_below gfield_visibility_visible\"  ><label class='gfield_label gform-field-label' for='input_9_18'>W\u00e4hlen Sie Ihren Dienst<span class=\"gfield_required\"><span class=\"gfield_required gfield_required_asterisk\">*<\/span><\/span><\/label><div class='ginput_container ginput_container_select'><select name='input_18' id='input_9_18' class='large gfield_select'    aria-required=\"true\" aria-invalid=\"false\" ><option value='Uhrenservice ' >Uhrenservice <\/option><option value='General\u00fcberholung ' >General\u00fcberholung <\/option><option value='Polieren ' >Polieren <\/option><option value='Teilweise Reparaturen ' >Teilweise Reparaturen <\/option><\/select><\/div><\/div><div id=\"field_9_16\" class=\"gfield gfield--type-text gfield--input-type-text gfield--width-half gfield_contains_required field_sublabel_below gfield--no-description field_description_below field_validation_below gfield_visibility_visible\"  ><label class='gfield_label gform-field-label' for='input_9_16'>Vorname<span class=\"gfield_required\"><span class=\"gfield_required gfield_required_asterisk\">*<\/span><\/span><\/label><div class='ginput_container ginput_container_text'><input name='input_16' id='input_9_16' type='text' value='' class='large'    placeholder='Vorname' aria-required=\"true\" aria-invalid=\"false\"   \/><\/div><\/div><div id=\"field_9_17\" class=\"gfield gfield--type-text gfield--input-type-text gfield--width-half gfield_contains_required field_sublabel_below gfield--no-description field_description_below field_validation_below gfield_visibility_visible\"  ><label class='gfield_label gform-field-label' for='input_9_17'>Nachname<span class=\"gfield_required\"><span class=\"gfield_required gfield_required_asterisk\">*<\/span><\/span><\/label><div class='ginput_container ginput_container_text'><input name='input_17' id='input_9_17' type='text' value='' class='large'    placeholder='Nachname' aria-required=\"true\" aria-invalid=\"false\"   \/><\/div><\/div><div id=\"field_9_3\" class=\"gfield gfield--type-email gfield--input-type-email gfield--width-half gfield_contains_required field_sublabel_below gfield--no-description field_description_below field_validation_below gfield_visibility_visible\"  ><label class='gfield_label gform-field-label' for='input_9_3'>E-mail<span class=\"gfield_required\"><span class=\"gfield_required gfield_required_asterisk\">*<\/span><\/span><\/label><div class='ginput_container ginput_container_email'>\n                            <input name='input_3' id='input_9_3' type='email' value='' class='large'   placeholder='E-mail' aria-required=\"true\" aria-invalid=\"false\"  \/>\n                        <\/div><\/div><div id=\"field_9_4\" class=\"gfield gfield--type-text gfield--input-type-text gfield--width-half field_sublabel_below gfield--no-description field_description_below field_validation_below gfield_visibility_visible\"  ><label class='gfield_label gform-field-label' for='input_9_4'>Telefonnummer<\/label><div class='ginput_container ginput_container_text'><input name='input_4' id='input_9_4' type='text' value='' class='large'      aria-invalid=\"false\"   \/><\/div><\/div><div id=\"field_9_5\" class=\"gfield gfield--type-textarea gfield--input-type-textarea gfield--width-full field_sublabel_below gfield--no-description field_description_below field_validation_below gfield_visibility_visible\"  ><label class='gfield_label gform-field-label' for='input_9_5'>Beschreibung des Problems<\/label><div class='ginput_container ginput_container_textarea'><textarea name='input_5' id='input_9_5' class='textarea large'      aria-invalid=\"false\"   rows='10' cols='50'><\/textarea><\/div><\/div><div id=\"field_9_6\" class=\"gfield gfield--type-text gfield--input-type-text gfield--width-third field_sublabel_below gfield--no-description field_description_below field_validation_below gfield_visibility_visible\"  ><label class='gfield_label gform-field-label' for='input_9_6'>Marke \/ Hersteller<\/label><div class='ginput_container ginput_container_text'><input name='input_6' id='input_9_6' type='text' value='' class='large'      aria-invalid=\"false\"   \/><\/div><\/div><div id=\"field_9_7\" class=\"gfield gfield--type-text gfield--input-type-text gfield--width-third field_sublabel_below gfield--no-description field_description_below field_validation_below gfield_visibility_visible\"  ><label class='gfield_label gform-field-label' for='input_9_7'>Modell\/Referenz <\/label><div class='ginput_container ginput_container_text'><input name='input_7' id='input_9_7' type='text' value='' class='large'      aria-invalid=\"false\"   \/><\/div><\/div><div id=\"field_9_10\" class=\"gfield gfield--type-number gfield--input-type-number gfield--width-third field_sublabel_below gfield--no-description field_description_below field_validation_below gfield_visibility_visible\"  ><label class='gfield_label gform-field-label' for='input_9_10'>Jahr <\/label><div class='ginput_container ginput_container_number'><input name='input_10' id='input_9_10' type='number' step='any'   value='' class='large'      aria-invalid=\"false\"  \/><\/div><\/div><div id=\"field_9_11\" class=\"gfield gfield--type-number gfield--input-type-number gfield--width-half field_sublabel_below gfield--no-description field_description_below field_validation_below gfield_visibility_visible\"  ><label class='gfield_label gform-field-label' for='input_9_11'>Budget<\/label><div class='ginput_container ginput_container_number'><input name='input_11' id='input_9_11' type='number' step='any'   value='' class='large'      aria-invalid=\"false\"  \/><\/div><\/div><div id=\"field_9_12\" class=\"gfield gfield--type-text gfield--input-type-text gfield--width-half field_sublabel_below gfield--no-description field_description_below field_validation_below gfield_visibility_visible\"  ><label class='gfield_label gform-field-label' for='input_9_12'>F\u00e4lligkeitsdatum<\/label><div class='ginput_container ginput_container_text'><input name='input_12' id='input_9_12' type='text' value='' class='large'      aria-invalid=\"false\"   \/><\/div><\/div><div id=\"field_9_14\" class=\"gfield gfield--type-fileupload gfield--input-type-fileupload gfield--width-full field_sublabel_below gfield--no-description field_description_below field_validation_below gfield_visibility_visible\"  ><label class='gfield_label gform-field-label' for='gform_browse_button_9_14'>Dateien ausw\u00e4hlen<\/label><div class='ginput_container ginput_container_fileupload'><div id='gform_multifile_upload_9_14' data-settings='{&quot;runtimes&quot;:&quot;html5,flash,html4&quot;,&quot;browse_button&quot;:&quot;gform_browse_button_9_14&quot;,&quot;container&quot;:&quot;gform_multifile_upload_9_14&quot;,&quot;drop_element&quot;:&quot;gform_drag_drop_area_9_14&quot;,&quot;filelist&quot;:&quot;gform_preview_9_14&quot;,&quot;unique_names&quot;:true,&quot;file_data_name&quot;:&quot;file&quot;,&quot;url&quot;:&quot;https:\\\/\\\/langedykvintagewatches.com\\\/de\\\/?gf_page=09e184d1e94ef3e&quot;,&quot;flash_swf_url&quot;:&quot;https:\\\/\\\/langedykvintagewatches.com\\\/wp-includes\\\/js\\\/plupload\\\/plupload.flash.swf&quot;,&quot;silverlight_xap_url&quot;:&quot;https:\\\/\\\/langedykvintagewatches.com\\\/wp-includes\\\/js\\\/plupload\\\/plupload.silverlight.xap&quot;,&quot;filters&quot;:{&quot;mime_types&quot;:[{&quot;title&quot;:&quot;Erlaubte Dateitypen&quot;,&quot;extensions&quot;:&quot;jpg,png,pdf,jpeg&quot;}],&quot;max_file_size&quot;:&quot;8388608b&quot;},&quot;multipart&quot;:true,&quot;urlstream_upload&quot;:false,&quot;multipart_params&quot;:{&quot;form_id&quot;:9,&quot;field_id&quot;:14,&quot;_gform_file_upload_nonce_9_14&quot;:&quot;58a48c9551&quot;},&quot;gf_vars&quot;:{&quot;max_files&quot;:&quot;5&quot;,&quot;message_id&quot;:&quot;gform_multifile_messages_9_14&quot;,&quot;disallowed_extensions&quot;:[&quot;php&quot;,&quot;asp&quot;,&quot;aspx&quot;,&quot;cmd&quot;,&quot;csh&quot;,&quot;bat&quot;,&quot;html&quot;,&quot;htm&quot;,&quot;hta&quot;,&quot;jar&quot;,&quot;exe&quot;,&quot;com&quot;,&quot;js&quot;,&quot;lnk&quot;,&quot;htaccess&quot;,&quot;phar&quot;,&quot;phtml&quot;,&quot;ps1&quot;,&quot;ps2&quot;,&quot;php3&quot;,&quot;php4&quot;,&quot;php5&quot;,&quot;php6&quot;,&quot;py&quot;,&quot;rb&quot;,&quot;tmp&quot;]}}' class='gform_fileupload_multifile'>\n\t\t\t\t\t\t\t\t\t\t<div id='gform_drag_drop_area_9_14' class='gform_drop_area gform-theme-field-control'>\n\t\t\t\t\t\t\t\t\t\t\t<span class='gform_drop_instructions'>Ziehe Dateien hier her oder <\/span>\n\t\t\t\t\t\t\t\t\t\t\t<button type='button' id='gform_browse_button_9_14' class='button gform_button_select_files gform-theme-button gform-theme-button--control' aria-describedby=\"gfield_upload_rules_9_14\"  >W\u00e4hle Dateien aus<\/button>\n\t\t\t\t\t\t\t\t\t\t<\/div>\n\t\t\t\t\t\t\t\t\t<\/div><span class='gfield_description gform_fileupload_rules' id='gfield_upload_rules_9_14'>Akzeptierte Dateitypen: jpg, png, pdf, jpeg, Max. Dateigr\u00f6\u00dfe: 8 MB, Max. Dateien: 5.<\/span><ul class='validation_message--hidden-on-empty gform-ul-reset' id='gform_multifile_messages_9_14'><\/ul> <div id='gform_preview_9_14' class='ginput_preview_list'><\/div><\/div><\/div><div id=\"field_9_15\" class=\"gfield gfield--type-textarea gfield--input-type-textarea gfield--width-full field_sublabel_below gfield--no-description field_description_below field_validation_below gfield_visibility_visible\"  ><label class='gfield_label gform-field-label' for='input_9_15'>Zus\u00e4tzliche Informationen<\/label><div class='ginput_container ginput_container_textarea'><textarea name='input_15' id='input_9_15' class='textarea large'      aria-invalid=\"false\"   rows='10' cols='50'><\/textarea><\/div><\/div><\/div><\/div>\n        <div class='gform-footer gform_footer top_label'> <input type='submit' id='gform_submit_button_9' class='gform_button button' onclick='gform.submission.handleButtonClick(this);' data-submission-type='submit' value='Absenden'  \/> \n            <input type='hidden' class='gform_hidden' name='gform_submission_method' data-js='gform_submission_method_9' value='postback' \/>\n            <input type='hidden' class='gform_hidden' name='gform_theme' data-js='gform_theme_9' id='gform_theme_9' value='gravity-theme' \/>\n            <input type='hidden' class='gform_hidden' name='gform_style_settings' data-js='gform_style_settings_9' id='gform_style_settings_9' value='[]' \/>\n            <input type='hidden' class='gform_hidden' name='is_submit_9' value='1' \/>\n            <input type='hidden' class='gform_hidden' name='gform_submit' value='9' \/>\n            \n            <input type='hidden' class='gform_hidden' name='gform_currency' data-currency='EUR' value='sFHaUKfNLWExb9zU3HU3EOfHtxTyo4OpaFwYyUHniA3\/u5np95JSdoZY\/geL\/gE3NlWFHDoFu4F4HQJ39x5thDTReTKqfYFUvcZiLSNvCQGKkso=' \/>\n            <input type='hidden' class='gform_hidden' name='gform_unique_id' value='' \/>\n            <input type='hidden' class='gform_hidden' name='state_9' value='WyJ7XCIxOFwiOltcIjFmYWNiMTk2NTVjOTI5ODhmYWM2N2Y1ZTc1NzAzN2ZjXCIsXCJjNDc0YzgwYzk5ZjFkOWFlNDcxNjRmNDEyZjg3Y2UyYlwiLFwiNjhlZWI5ZTI5NzI0NjM1NzgyYWNhNDNhM2NhNDYxMmJcIixcIjBiNTIxNTczOGM3Yjc0NTY0MWRhZThlMDdkZjJlMDkxXCJdfSIsIjczNjBkMmNlOWRhZmJjNjFmMzVhMWQzMTEwYjNhZDZiIl0=' \/>\n            <input type='hidden' autocomplete='off' class='gform_hidden' name='gform_target_page_number_9' id='gform_target_page_number_9' value='0' \/>\n            <input type='hidden' autocomplete='off' class='gform_hidden' name='gform_source_page_number_9' id='gform_source_page_number_9' value='1' \/>\n            <input type='hidden' name='gform_field_values' value='' \/>\n            <input type='hidden' name='gform_uploaded_files' id='gform_uploaded_files_9' value='' \/>\n        <\/div>\n                        <input type=\"hidden\" id=\"ct_checkjs_4a47d2983c8bd392b120b627e0e1cab4\" name=\"ct_checkjs\" value=\"0\" \/><script >setTimeout(function(){var ct_input_name = \"ct_checkjs_4a47d2983c8bd392b120b627e0e1cab4\";if (document.getElementById(ct_input_name) !== null) {var ct_input_value = document.getElementById(ct_input_name).value;document.getElementById(ct_input_name).value = document.getElementById(ct_input_name).value.replace(ct_input_value, '1901310715');}}, 1000);<\/script><input\n                    class=\"apbct_special_field apbct_email_id__gravity_form\"\n                    name=\"apbct__email_id__gravity_form\"\n                    aria-label=\"apbct__label_id__gravity_form\"\n                    type=\"text\" size=\"30\" maxlength=\"200\" autocomplete=\"off\"\n                    value=\"\"\n                \/><\/form>\n                        <\/div><script>\ngform.initializeOnLoaded( function() {gformInitSpinner( 9, 'https:\/\/langedykvintagewatches.com\/wp-content\/plugins\/gravityforms\/images\/spinner.svg', true );jQuery('#gform_ajax_frame_9').on('load',function(){var contents = jQuery(this).contents().find('*').html();var is_postback = contents.indexOf('GF_AJAX_POSTBACK') >= 0;if(!is_postback){return;}var form_content = jQuery(this).contents().find('#gform_wrapper_9');var is_confirmation = jQuery(this).contents().find('#gform_confirmation_wrapper_9').length > 0;var is_redirect = contents.indexOf('gformRedirect(){') >= 0;var is_form = form_content.length > 0 && ! is_redirect && ! is_confirmation;var mt = parseInt(jQuery('html').css('margin-top'), 10) + parseInt(jQuery('body').css('margin-top'), 10) + 100;if(is_form){jQuery('#gform_wrapper_9').html(form_content.html());if(form_content.hasClass('gform_validation_error')){jQuery('#gform_wrapper_9').addClass('gform_validation_error');} else {jQuery('#gform_wrapper_9').removeClass('gform_validation_error');}setTimeout( function() { \/* delay the scroll by 50 milliseconds to fix a bug in chrome *\/  }, 50 );if(window['gformInitDatepicker']) {gformInitDatepicker();}if(window['gformInitPriceFields']) {gformInitPriceFields();}var current_page = jQuery('#gform_source_page_number_9').val();gformInitSpinner( 9, 'https:\/\/langedykvintagewatches.com\/wp-content\/plugins\/gravityforms\/images\/spinner.svg', true );jQuery(document).trigger('gform_page_loaded', [9, current_page]);window['gf_submitting_9'] = false;}else if(!is_redirect){var confirmation_content = jQuery(this).contents().find('.GF_AJAX_POSTBACK').html();if(!confirmation_content){confirmation_content = contents;}jQuery('#gform_wrapper_9').replaceWith(confirmation_content);jQuery(document).trigger('gform_confirmation_loaded', [9]);window['gf_submitting_9'] = false;wp.a11y.speak(jQuery('#gform_confirmation_message_9').text());}else{jQuery('#gform_9').append(contents);if(window['gformRedirect']) {gformRedirect();}}jQuery(document).trigger(\"gform_pre_post_render\", [{ formId: \"9\", currentPage: \"current_page\", abort: function() { this.preventDefault(); } }]);        if (event && event.defaultPrevented) {                return;        }        const gformWrapperDiv = document.getElementById( \"gform_wrapper_9\" );        if ( gformWrapperDiv ) {            const visibilitySpan = document.createElement( \"span\" );            visibilitySpan.id = \"gform_visibility_test_9\";            gformWrapperDiv.insertAdjacentElement( \"afterend\", visibilitySpan );        }        const visibilityTestDiv = document.getElementById( \"gform_visibility_test_9\" );        let postRenderFired = false;        function triggerPostRender() {            if ( postRenderFired ) {                return;            }            postRenderFired = true;            gform.core.triggerPostRenderEvents( 9, current_page );            if ( visibilityTestDiv ) {                visibilityTestDiv.parentNode.removeChild( visibilityTestDiv );            }        }        function debounce( func, wait, immediate ) {            var timeout;            return function() {                var context = this, args = arguments;                var later = function() {                    timeout = null;                    if ( !immediate ) func.apply( context, args );                };                var callNow = immediate && !timeout;                clearTimeout( timeout );                timeout = setTimeout( later, wait );                if ( callNow ) func.apply( context, args );            };        }        const debouncedTriggerPostRender = debounce( function() {            triggerPostRender();        }, 200 );        if ( visibilityTestDiv && visibilityTestDiv.offsetParent === null ) {            const observer = new MutationObserver( ( mutations ) => {                mutations.forEach( ( mutation ) => {                    if ( mutation.type === 'attributes' && visibilityTestDiv.offsetParent !== null ) {                        debouncedTriggerPostRender();                        observer.disconnect();                    }                });            });            observer.observe( document.body, {                attributes: true,                childList: false,                subtree: true,                attributeFilter: [ 'style', 'class' ],            });        } else {            triggerPostRender();        }    } );} );\n<\/script>\n\n\t\t<\/div>\n\t\t\t\t\t<\/div>\n\n\t\n<\/div>\n\t\t<\/div>\n\n\t\t\n<style>\n#section_626811121 {\n  padding-top: 1%;\n  padding-bottom: 1%;\n}\n<\/style>\n\t<\/section>\n\t\n","protected":false},"excerpt":{"rendered":"","protected":false},"author":1,"featured_media":0,"parent":0,"menu_order":0,"comment_status":"closed","ping_status":"closed","template":"page-blank.php","meta":{"_acf_changed":false,"footnotes":""},"class_list":["post-53684","page","type-page","status-publish"],"acf":[],"_links":{"self":[{"href":"https:\/\/langedykvintagewatches.com\/de\/wp-json\/wp\/v2\/pages\/53684","targetHints":{"allow":["GET"]}}],"collection":[{"href":"https:\/\/langedykvintagewatches.com\/de\/wp-json\/wp\/v2\/pages"}],"about":[{"href":"https:\/\/langedykvintagewatches.com\/de\/wp-json\/wp\/v2\/types\/page"}],"author":[{"embeddable":true,"href":"https:\/\/langedykvintagewatches.com\/de\/wp-json\/wp\/v2\/users\/1"}],"replies":[{"embeddable":true,"href":"https:\/\/langedykvintagewatches.com\/de\/wp-json\/wp\/v2\/comments?post=53684"}],"version-history":[{"count":6,"href":"https:\/\/langedykvintagewatches.com\/de\/wp-json\/wp\/v2\/pages\/53684\/revisions"}],"predecessor-version":[{"id":100960,"href":"https:\/\/langedykvintagewatches.com\/de\/wp-json\/wp\/v2\/pages\/53684\/revisions\/100960"}],"wp:attachment":[{"href":"https:\/\/langedykvintagewatches.com\/de\/wp-json\/wp\/v2\/media?parent=53684"}],"curies":[{"name":"wp","href":"https:\/\/api.w.org\/{rel}","templated":true}]}}