{"id":46223,"date":"2023-08-21T15:03:51","date_gmt":"2023-08-21T15:03:51","guid":{"rendered":"https:\/\/langedykvintagewatches.com\/?page_id=46223"},"modified":"2026-01-07T13:16:26","modified_gmt":"2026-01-07T12:16:26","slug":"allgemeine-geschaeftsbedingungen-agb","status":"publish","type":"page","link":"https:\/\/langedykvintagewatches.com\/de\/allgemeine-geschaeftsbedingungen-agb\/","title":{"rendered":"Allgemeine Gesch\u00e4ftsbedingungen (AGB)"},"content":{"rendered":"  <div id=\"page-header-1058517247\" class=\"page-header-wrapper\">\n  <div class=\"page-title dark featured-title has-parallax\">\n\n        <div class=\"page-title-bg\">\n      <div class=\"title-bg fill bg-fill\"\n        data-parallax-container=\".page-title\"\n        data-parallax-background\n        data-parallax=\"-4\">\n      <\/div>\n      <div class=\"title-overlay fill\"><\/div>\n    <\/div>\n    \n    <div class=\"page-title-inner container align-center text-center flex-row-col medium-flex-wrap\" >\n              <div class=\"title-wrapper is-larger flex-col\">\n          <h1 class=\"entry-title mb-0\">\n            Allgemeine Gesch\u00e4ftsbedingungen (AGB)          <\/h1>\n        <\/div>\n                    <div class=\"title-content flex-col\">\n        <ul class=\"nav sm-touch-scroll nav-line nav-uppercase text-center nav-center\"><li class=\"nav-single-page hidden\"><\/li><\/ul>      <\/div>\n    <\/div>\n\n     \n<style>\n#page-header-1058517247 .page-title-inner {\n  min-height: 173px;\n}\n#page-header-1058517247 {\n  margin-bottom: 40px;\n}\n#page-header-1058517247 .title-bg {\n  background-image: url(https:\/\/langedykvintagewatches.com\/wp-content\/uploads\/2023\/02\/Optie-3-LQ-wide.jpg);\n  background-position: 32% 50%;\n}\n#page-header-1058517247 .title-overlay {\n  background-color: rgba(29, 49, 56, 0.9);\n}\n#page-header-1058517247 .featured-title {\n  background-color: rgb(0,0,0);\n}\n<\/style>\n  <\/div>\n    <\/div>\n  \n<div class=\"row\"  id=\"row-2058246474\">\n\n\t<div id=\"col-572240071\" class=\"col small-12 large-12\"  >\n\t\t\t\t<div class=\"col-inner\"  >\n\t\t\t\n\t\t\t\n<p><strong>Allgemeine Gesch\u00e4ftsbedingungen (AGB)<\/strong><\/p>\n<p>Langedyk Vintage Watches empfiehlt Ihnen, diese Allgemeinen Gesch\u00e4ftsbedingungen sorgf\u00e4ltig zu lesen, bevor Sie die Webseite, Dienstleistungen oder Waren in Anspruch nehmen. Diese Allgemeinen Gesch\u00e4ftsbedingungen stellen einen rechtsverbindlichen Vertrag zwischen Ihnen (dem K\u00e4ufer) und Langedyk Vintage Watches dar. Indem Sie unsere Dienstleistungen nutzen, erkl\u00e4ren Sie sich mit den Allgemeinen Gesch\u00e4ftsbedingungen, den Dienstleistungen, den nationalen und internationalen Versandbedingungen sowie den R\u00fcckgabe- und Datenschutzbestimmungen einverstanden. Sollten Sie Fragen haben, kontaktieren Sie uns bitte unter info@langedykvintagewatches.com.<\/p>\n<table class=\"lvw-table-list\">\n<tbody>\n<tr>\n<th>1.<\/th>\n<th>Anwendung und uneingeschr\u00e4nkte Einwilligung<\/th>\n<\/tr>\n<tr>\n<td>1.1<\/td>\n<td>Diese Allgemeinen Gesch\u00e4ftsbedingungen gelten f\u00fcr jeden Kauf, den Sie als Kunde bei Langedyk Vintage Watches t\u00e4tigen.<\/td>\n<\/tr>\n<tr>\n<td>1.2<\/td>\n<td>Die vorliegenden Allgemeinen Gesch\u00e4ftsbedingungen gelten f\u00fcr jedes Produkt, das Sie bei Langedyk Vintage Watches kaufen. Indem Sie ein Produkt bestellen, erkl\u00e4ren Sie sich mit den Allgemeinen Gesch\u00e4ftsbedingungen einverstanden. Sie k\u00f6nnen nur dann eine Bestellung vornehmen, wenn Sie berechtigt sind, eine Verpflichtung einzugehen oder einen Vertrag zu unterzeichnen und wenn Sie \u00fcber 18 Jahre alt sind.<\/td>\n<\/tr>\n<tr>\n<td>1.3<\/td>\n<td>Diese Allgemeinen Gesch\u00e4ftsbedingungen und Vereinbarungen (zusammen der Vertrag) gelten f\u00fcr alle K\u00e4ufe und Verk\u00e4ufe aller Produkte zwischen Ihnen und Langedyk Vintage Watches. Andere Bedingungen, die Sie auferlegt oder aufgenommen haben oder die im Rahmen eines Austauschs, einer Aus\u00fcbung oder eines Handels vorgeschlagen wurden, sind hiervon ausgeschlossen.<\/td>\n<\/tr>\n<tr>\n<td>1.4<\/td>\n<td>Diese Allgemeinen Gesch\u00e4ftsbedingungen ersetzen jede fr\u00fchere Version der Allgemeinen Gesch\u00e4ftsbedingungen von Langedyk Vintage Watches.<\/td>\n<\/tr>\n<tr>\n<th>2.<\/th>\n<th>Begriffsauslegung\/Definitionen<\/th>\n<\/tr>\n<tr>\n<td>2.1<\/td>\n<td>Ein Kunde\/K\u00e4ufer ist eine nat\u00fcrliche oder juristische Person, die ganz oder teilweise au\u00dferhalb ihres Handels, Gesch\u00e4fts, Berufs oder Handwerks handelt.<\/td>\n<\/tr>\n<tr>\n<td>2.2<\/td>\n<td>Ein Vertrag ist ein rechtsverbindliche Vereinbarung zwischen dem Kunden und Langedyk Vintage Watches \u00fcber den Kauf und Verkauf von Produkten.<\/td>\n<\/tr>\n<tr>\n<td>2.3<\/td>\n<td>Unter den Allgemeinen Gesch\u00e4ftsbedingungen sind die von Langedyk Vintage Watches aufgestellten Allgemeinen Gesch\u00e4ftsbedingungen zu verstehen.<\/td>\n<\/tr>\n<tr>\n<td>2.4<\/td>\n<td>Eine Vereinbarung bedeutet ein Abkommen zwischen Langedyk Vintage Watches und Ihnen als K\u00e4ufer.<\/td>\n<\/tr>\n<tr>\n<td>2.5<\/td>\n<td>Mit Waren (Produkt) sind alle Produkte gemeint, die von Langedyk Vintage Watches unter dem Namen Langedyk Vintage Watches angeboten oder verkauft werden.<\/td>\n<\/tr>\n<tr>\n<td>2.6<\/td>\n<td>Eine Bestellung bezeichnet das Produkt, das Sie als K\u00e4ufer bei Langedyk Vintage Watches \u00fcber den stufenweisen Prozess auf der Webseite erworben haben.<\/td>\n<\/tr>\n<tr>\n<td>2.7<\/td>\n<td>Ein Arbeitstag ist jeder Tag, der nicht Samstag, Sonntag oder ein Feiertag ist.<\/td>\n<\/tr>\n<tr>\n<th>3.<\/th>\n<th>Waren<\/th>\n<\/tr>\n<tr>\n<td>3.1<\/td>\n<td>Die Beschreibung der Produkte auf unserer Webseite, in Katalogen, Brosch\u00fcren oder jeder anderen Form der Werbung dient lediglich der visuellen Darstellung. Es kann immer zu geringf\u00fcgigen Abweichungen bei Gr\u00f6\u00dfe, Zustand und Farbe des Produkts kommen.<\/td>\n<\/tr>\n<tr>\n<td>3.2<\/td>\n<td>Die Details der in der Beschreibung beschriebenen Waren k\u00f6nnen (un)merklich abweichen und stellen kein vertragliches Angebot zum Verkauf von Waren dar.<\/td>\n<\/tr>\n<tr>\n<td>3.3<\/td>\n<td>Wir k\u00f6nnen jederzeit \u00c4nderungen an unseren Preisen oder Produktbeschreibungen vornehmen.<\/td>\n<\/tr>\n<tr>\n<td>3.4<\/td>\n<td>Alle Verkaufspreise und Verkaufsangebote k\u00f6nnen jederzeit ge\u00e4ndert werden, je nach Marktbedingungen.<\/td>\n<\/tr>\n<tr>\n<td>3.5<\/td>\n<td>Alle Produkte auf unserer Webseite sind vorbehaltlich der Verf\u00fcgbarkeit. Wenn ein Produkt nicht mehr vorr\u00e4tig (sprich: zwischenzeitlich verkauft worden) ist, obwohl es noch auf der Webseite zu sehen ist, hat Langedyk Vintage Watches das Recht, den Verkauf zu stornieren.<\/td>\n<\/tr>\n<tr>\n<td>3.6<\/td>\n<td>Wenn Sie eine Bestellung vornehmen, verpflichten Sie sich, dass alle Angaben korrekt und wahrheitsgem\u00e4\u00df gemacht wurden und dass Sie als K\u00e4ufer daf\u00fcr sorgen, dass die Zahlung erfolgt.\n<\/td>\n<\/tr>\n<tr>\n<th>4.<\/th>\n<th>Personenbezogene Daten<\/th>\n<\/tr>\n<tr>\n<td>4.1<\/td>\n<td>Wir erheben und verwenden alle Informationen strikt im Rahmen der Datenschutzrichtlinie.<\/td>\n<\/tr>\n<tr>\n<td>4.2<\/td>\n<td>Wir k\u00f6nnen Sie \u00fcber die von Ihnen angegebene E-Mail-Adresse, \u00fcber andere elektronische Kommunikationsmittel und per Post kontaktieren. Sie stimmen dem zu.<\/td>\n<\/tr>\n<tr>\n<th>5.<\/th>\n<th>Grundlage des Verkaufs<\/th>\n<\/tr>\n<tr>\n<td>5.1<\/td>\n<td>Die Produktbeschreibungen auf unserer Webseite stellen keine vertragliche Verpflichtung f\u00fcr den Verkauf dieser Produkte dar. Wenn Sie ein Produkt \u00fcber unsere Webseite kaufen, k\u00f6nnen wir es aus beliebigen Gr\u00fcnden ablehnen. Wir werden diese Zur\u00fcckweisung sofern m\u00f6glich begr\u00fcnden.<\/td>\n<\/tr>\n<tr>\n<td>5.2<\/td>\n<td>Der gesamte Bestellvorgang ist auf der Webseite angegeben. Bei jedem Schritt des Prozesses haben Sie die M\u00f6glichkeit &#8211; falls ein Fehler auftritt &#8211; Ihre Angaben zu \u00fcberpr\u00fcfen und\/oder zu \u00e4ndern. Es liegt in Ihrer Verantwortung zu pr\u00fcfen, ob Sie den Bestellvorgang korrekt durchf\u00fchren.<\/td>\n<\/tr>\n<tr>\n<td>5.3<\/td>\n<td>Ein Vertrag ist erst dann verbindlich, wenn Sie eine E-Mail von uns erhalten, in der<br \/>\nwir den Abschluss des Kaufs best\u00e4tigen (Auftragsbest\u00e4tigung). Sie m\u00fcssen sich vergewissern, dass die Auftragsbest\u00e4tigung vollst\u00e4ndig und korrekt ist, und uns im Falle von M\u00e4ngeln und\/oder Ungenauigkeiten unverz\u00fcglich informieren. Indem Sie eine Bestellung aufgeben, erkl\u00e4ren Sie sich mit dem Vertrag einverstanden, den wir Ihnen mit allen Informationen per E-Mail zusenden werden.\n<\/td>\n<\/tr>\n<tr>\n<td>5.4<\/td>\n<td>Jeder Verkaufspreis ist maximal drei Tage ab seinem Datum g\u00fcltig, es sei denn, wir \u00e4ndern ihn ausdr\u00fccklich zu einem fr\u00fcheren Zeitpunkt.<\/td>\n<\/tr>\n<tr>\n<td>5.5<\/td>\n<td>Der Vertrag kann nach seinem Zustandekommen nicht mehr ge\u00e4ndert werden; dies gilt f\u00fcr die Beschreibung der Waren, die Geb\u00fchren und anderes, es sei denn, der K\u00e4ufer und Langedyk Vintage Watches treffen hier eine schriftliche Vereinbarung.<\/td>\n<\/tr>\n<tr>\n<th>6.<\/th>\n<th>Preis und Zahlung <\/th>\n<\/tr>\n<tr>\n<td>6.1<\/td>\n<td>Der Preis der Waren, (Liefer-) Nebenkosten und andere zus\u00e4tzliche Kosten sind zum Zeitpunkt der Bestellung auf der Webseite ersichtlich oder werden schriftlich angegeben.<\/td>\n<\/tr>\n<tr>\n<td>6.2<\/td>\n<td>Die Preise und Geb\u00fchren enthalten den zum Zeitpunkt der Bestellung geltenden Mehrwertsteuersatz.<\/td>\n<\/tr>\n<tr>\n<td>6.3<\/td>\n<td>Wir akzeptieren keine anderen Zahlungsarten als die auf der Webseite angegebenen Optionen. Die Zahlungsmodalit\u00e4ten k\u00f6nnen sich \u00e4ndern. Alle Kosten f\u00fcr die Zahlung gehen zu Lasten des K\u00e4ufers.<\/td>\n<\/tr>\n<tr>\n<th>7.<\/th>\n<th>Lieferung<\/th>\n<\/tr>\n<tr>\n<td>7.1<\/td>\n<td>Alle bestellten Produkte werden innerhalb eines Arbeitstages nach Erhalt der Best\u00e4tigung versandt.<\/td>\n<\/tr>\n<tr>\n<td>7.2<\/td>\n<td>Die Waren werden an die w\u00e4hrend des Bestellvorgangs \u00fcber die Webseite angegebene Adresse versandt.<\/td>\n<\/tr>\n<tr>\n<td>7.3<\/td>\n<td>Anstatt die Waren zuzustellen, kann der Kunde die Waren auch an unserem Sitz in Opmeer abholen. Der Kunde sollte uns dies immer w\u00e4hrend des Bestellvorgangs \u00fcber unsere Webseite mitteilen. <\/td>\n<\/tr>\n<tr>\n<td>7.4<\/td>\n<td>Import- und Exportkosten sowie andere Abgaben und Steuern, die f\u00fcr die Waren anfallen k\u00f6nnen, gehen zu Lasten des Kunden.<\/td>\n<\/tr>\n<tr>\n<td>7.5<\/td>\n<td>Alle nationalen und internationalen Versandarten werden von Langedyk Vintage Watches mit einem Track &#038; Trace-Code versehen.<\/td>\n<\/tr>\n<tr>\n<td>7.6<\/td>\n<td>Die Waren gehen in dem Moment in die Verantwortung des Kunden \u00fcber, in dem das Produkt geliefert und empfangen wird. Soweit dies m\u00f6glich ist, muss der Kunde das Produkt vor der Annahme \u00fcberpr\u00fcfen.<\/td>\n<\/tr>\n<tr>\n<th>8.<\/th>\n<th>Schadenersatz und Haftung<\/th>\n<\/tr>\n<tr>\n<td>8.1<\/td>\n<td>Das Risiko der Besch\u00e4digung oder des Verlusts eines Produkts geht ab dem Zeitpunkt der Lieferung des Produkts auf Sie \u00fcber.<\/td>\n<\/tr>\n<tr>\n<td>8.2<\/td>\n<td>Die Waren sind erst dann Eigentum des K\u00e4ufers, wenn Langedyk Vintage Watches die vollst\u00e4ndige Zahlung des K\u00e4ufers erhalten hat. Im Falle eines Zahlungsverzugs oder eines Hinweises auf einen Konkurs k\u00f6nnen wir eine Bestellung stornieren oder Ihnen als Kunde das Nutzungsrecht f\u00fcr das Produkt entziehen, das Ihnen geh\u00f6rt. In diesem Fall m\u00fcssen Sie das Produkt zur\u00fcckgeben oder uns die M\u00f6glichkeit geben, es abzuholen.<\/td>\n<\/tr>\n<tr>\n<th>9.<\/th>\n<th>R\u00fccktritt und Stornierung<\/th>\n<\/tr>\n<tr>\n<td>9.1<\/td>\n<td>Sie k\u00f6nnen Ihre Bestellung stornieren, indem Sie uns vor Abschluss des Vertrags eine entsprechende Mitteilung zukommen lassen.<\/td>\n<\/tr>\n<tr>\n<td>9.2<\/td>\n<td>Sie k\u00f6nnen den Vertrag widerrufen, indem Sie uns innerhalb von 14 Kalendertagen nach Vertragsabschluss davon in Kenntnis setzen. Sie k\u00f6nnen Ihre Meinung ohne Angabe von Gr\u00fcnden \u00e4ndern und die unbesch\u00e4digten Waren auf eigene Kosten zur\u00fccksenden. Wir m\u00fcssen Ihnen bereits unverz\u00fcglich den Betrag der Waren erstatten, ausgenommen die Lieferkosten.<\/td>\n<\/tr>\n<tr>\n<td>9.3<\/td>\n<td>Die Widerrufsfrist betr\u00e4gt 14 Tage ab dem Tag, an dem Sie oder ein Dritter, der nicht der Lieferdienst ist, das Produkt physisch erhalten haben. Bei einem Vertrag erlischt das Widerrufsrecht immer nach einer Frist von 14 Tagen ab Erhalt der Ware.<\/td>\n<\/tr>\n<tr>\n<td>9.4<\/td>\n<td>Um von Ihrem Widerrufsrecht Gebrauch zu machen, m\u00fcssen Sie uns eindeutig schriftlich dar\u00fcber informieren, dass Sie den Vertrag widerrufen m\u00f6chten.<\/td>\n<\/tr>\n<tr>\n<td>9.5<\/td>\n<td>Um die Widerrufsfrist nicht zu \u00fcberschreiten, ist es ratsam, Ihre Mitteilung bez\u00fcglich des Produkts innerhalb der Widerrufsfrist abzuschlie\u00dfen.<\/td>\n<\/tr>\n<tr>\n<td>9.6<\/td>\n<td>Der Kunde muss das Produkt mit allem mitgelieferten Zubeh\u00f6r und in vollst\u00e4ndigem Originalzustand und, soweit m\u00f6glich, in der Originalverpackung zur\u00fccksenden.<\/td>\n<\/tr>\n<tr>\n<td>9.7<\/td>\n<td>Wir pr\u00fcfen, inwieweit Sie, der Kunde, Anspruch auf eine (vollst\u00e4ndige) Entsch\u00e4digung f\u00fcr die Waren haben. Wenn der Verlust oder die Besch\u00e4digung auf eine nicht sachgem\u00e4\u00dfe Handhabung durch Sie zur\u00fcckzuf\u00fchren ist, k\u00f6nnen wir keinen Ersatz leisten. Dies liegt daran, dass Sie f\u00fcr diesen Verlust oder diese Besch\u00e4digung verantwortlich sind, und Sie m\u00fcssen, wenn diese Annahme getroffen wird, diesen Schadensbetrag \u00fcbernehmen. Muster Widerrufsformular<br \/>\nZu:<br \/>\nLangedyk Vintage-Uhren<br \/>\nDe Veken 17<br \/>\n1716 KE OPMEER<br \/>\nDie Niederlande<br \/>\nE-Mail Adresse: info@langedykvintagewatches.com<br \/>\nTelefonnummer: +31616168642\n<\/td>\n<\/tr>\n<tr>\n<td>9.8<\/td>\n<td>We may make a deduction from the reimbursement for loss in value of any Goods supplied, if the loss is the result of unnecessary handling by you. This is because you are liable for that loss and, if that deduction is not made, you must pay us the amount of that loss.<\/td>\n<\/tr>\n<tr>\n<th colspan=\"2\"><\/th>\n<\/tr>\n<tr>\n<td colspan=\"2\"><\/td>\n<\/tr>\n<tr>\n<td colspan=\"2\"><\/td>\n<\/tr>\n<tr>\n<td colspan=\"2\"><\/td>\n<\/tr>\n<tr>\n<td colspan=\"2\"><\/td>\n<\/tr>\n<tr>\n<td colspan=\"2\"><\/td>\n<\/tr>\n<tr>\n<td colspan=\"2\"><\/td>\n<\/tr>\n<tr>\n<td colspan=\"2\"><\/td>\n<\/tr>\n<tr>\n<th>10.<\/th>\n<th>R\u00fcckgabe von Waren<\/th>\n<\/tr>\n<tr>\n<td>10.1<\/td>\n<td>Wenn Sie im Rahmen eines Vertrages ein Produkt erhalten haben, das Sie sp\u00e4ter widerrufen haben, m\u00fcssen Sie das Produkt unverz\u00fcglich, sp\u00e4testens jedoch innerhalb von 14 Tagen ab dem Zeitpunkt, an dem Sie Ihren Widerruf der Bestellung mitgeteilt haben, an De Veken 17, 1716 KE OPMEER zur\u00fccksenden oder pers\u00f6nlich \u00fcbergeben. Die Frist ist gewahrt, wenn Sie die Waren innerhalb einer Frist von 14 Tagen zur\u00fccksenden. Sie verpflichten sich, die Versandkosten zu tragen.<\/td>\n<\/tr>\n<tr>\n<th>11.<\/th>\n<th>Leistung und Gew\u00e4hrleistung<\/th>\n<\/tr>\n<tr>\n<td>11.1<\/td>\n<td>Wir sind gesetzlich verpflichtet, die Waren in \u00dcbereinstimmung mit dem Vertrag zu liefern und sind verpflichtet, den K\u00e4ufer schriftlich zu benachrichtigen, wenn es Abweichungen gibt.<\/td>\n<\/tr>\n<tr>\n<td>11.2<\/td>\n<td>Bis zum Versand sind die Waren von hervorragender Qualit\u00e4t und weichen nicht von der Beschreibung ab.<\/td>\n<\/tr>\n<tr>\n<td>11.3<\/td>\n<td>Es liegt keine Fahrl\u00e4ssigkeit vor, wenn in der Beschreibung des Produkts ein technischer Mangel festgestellt worden ist und dementsprechend bezeichnet wird.<\/td>\n<\/tr>\n<tr>\n<th>12.<\/th>\n<th>Verantwortung und Subunternehmer<\/th>\n<\/tr>\n<tr>\n<td>12.1<\/td>\n<td>Wir sind unter keinen Umst\u00e4nden f\u00fcr indirekte Verluste oder Sch\u00e4den verantwortlich, die im Rahmen des Vertrags, durch den Verkauf von Waren durch uns oder durch den Kunden entstehen, unabh\u00e4ngig davon, ob diese Verluste oder Sch\u00e4den durch unerlaubte Handlungen, Produkthaftung, Garantie oder anderweitig verursacht wurden, es sei denn, der Verlust oder Schaden wurde von uns vors\u00e4tzlich verursacht.<\/td>\n<\/tr>\n<tr>\n<td>12.2<\/td>\n<td>Der Kunde darf die Waren an eine andere Person verkaufen oder weitergeben. Langedyk Vintage Watches ist jedoch in keiner Weise f\u00fcr die Handlungen von Unterauftragnehmern oder Nutzern verantwortlich. Der urspr\u00fcngliche Vertrag erlischt sofort, sobald der Kunde die Waren an einen Dritten verkauft.<\/td>\n<\/tr>\n<tr>\n<th>13.<\/th>\n<th>Anwendbares Recht und zust\u00e4ndiges Gericht<\/th>\n<\/tr>\n<tr>\n<td>13.1<\/td>\n<td>Diese Allgemeinen Gesch\u00e4ftsbedingungen, die Datenschutzerkl\u00e4rung und der Vertrag (einschlie\u00dflich aller au\u00dfervertraglichen Sachverhalte) unterliegen dem niederl\u00e4ndischen Recht.<\/td>\n<\/tr>\n<tr>\n<td>13.2<\/td>\n<td>Die Anwendbarkeit des Wiener Kaufrechts\u00fcbereinkommens oder anderer anwendbarer internationaler Gesetze und Vorschriften wird ausdr\u00fccklich ausgeschlossen.<\/td>\n<\/tr>\n<tr>\n<td>13.3<\/td>\n<td>Im Falle einer Streitigkeit werden sich beide Parteien in angemessener Weise bem\u00fchen, gemeinsam eine geeignete L\u00f6sung zu finden.<\/td>\n<\/tr>\n<tr>\n<td>13.4<\/td>\n<td>Streitigkeiten werden durch das zust\u00e4ndige Gericht des Bezirksgerichts von Noord-Holland entschieden.<\/td>\n<\/tr>\n<\/tbody>\n<\/table>\n<p><strong>Fragen<\/strong><br \/>\nFragen zu unseren Allgemeinen Gesch\u00e4ftsbedingungen, Datenschutzrichtlinien und anderen richtlinienbezogenen Fragen k\u00f6nnen Sie direkt \u00fcber unser Kontaktformular auf der Webseite \u00fcbermitteln. Sie k\u00f6nnen auch eine E-Mail an info@langedykvintagewatches.com senden.<\/p>\n<p><strong>STANDARD-PRODUKTINFORMATION<\/strong><br \/>\nJede edle Pre-Owned Armbanduhr wird mit einer Langedyk Vintage Watches Uhren Box, einem Echtheitsheitszertifikat und einem kostenlosen (versicherten) Versand geliefert. Dar\u00fcber hinaus erhalten Sie auf jede Uhr aus unserer Kollektion eine 12-monatige Garantie auf das Uhrwerk.<\/p>\n\t\t<\/div>\n\t\t\t\t\t<\/div>\n\n\t\n<\/div>\n","protected":false},"excerpt":{"rendered":"","protected":false},"author":1,"featured_media":0,"parent":0,"menu_order":0,"comment_status":"closed","ping_status":"closed","template":"page-blank.php","meta":{"_acf_changed":false,"footnotes":""},"class_list":["post-46223","page","type-page","status-publish"],"acf":[],"_links":{"self":[{"href":"https:\/\/langedykvintagewatches.com\/de\/wp-json\/wp\/v2\/pages\/46223","targetHints":{"allow":["GET"]}}],"collection":[{"href":"https:\/\/langedykvintagewatches.com\/de\/wp-json\/wp\/v2\/pages"}],"about":[{"href":"https:\/\/langedykvintagewatches.com\/de\/wp-json\/wp\/v2\/types\/page"}],"author":[{"embeddable":true,"href":"https:\/\/langedykvintagewatches.com\/de\/wp-json\/wp\/v2\/users\/1"}],"replies":[{"embeddable":true,"href":"https:\/\/langedykvintagewatches.com\/de\/wp-json\/wp\/v2\/comments?post=46223"}],"version-history":[{"count":3,"href":"https:\/\/langedykvintagewatches.com\/de\/wp-json\/wp\/v2\/pages\/46223\/revisions"}],"predecessor-version":[{"id":100962,"href":"https:\/\/langedykvintagewatches.com\/de\/wp-json\/wp\/v2\/pages\/46223\/revisions\/100962"}],"wp:attachment":[{"href":"https:\/\/langedykvintagewatches.com\/de\/wp-json\/wp\/v2\/media?parent=46223"}],"curies":[{"name":"wp","href":"https:\/\/api.w.org\/{rel}","templated":true}]}}