{"id":46220,"date":"2023-08-21T14:50:16","date_gmt":"2023-08-21T14:50:16","guid":{"rendered":"https:\/\/langedykvintagewatches.com\/?page_id=46220"},"modified":"2023-08-21T14:50:16","modified_gmt":"2023-08-21T14:50:16","slug":"datenschutzrichtlinie","status":"publish","type":"page","link":"https:\/\/langedykvintagewatches.com\/de\/datenschutzrichtlinie\/","title":{"rendered":"DATENSCHUTZRICHTLINIE"},"content":{"rendered":"  <div id=\"page-header-1557002206\" class=\"page-header-wrapper\">\n  <div class=\"page-title dark featured-title has-parallax\">\n\n        <div class=\"page-title-bg\">\n      <div class=\"title-bg fill bg-fill\"\n        data-parallax-container=\".page-title\"\n        data-parallax-background\n        data-parallax=\"-4\">\n      <\/div>\n      <div class=\"title-overlay fill\"><\/div>\n    <\/div>\n    \n    <div class=\"page-title-inner container align-center text-center flex-row-col medium-flex-wrap\" >\n              <div class=\"title-wrapper is-larger flex-col\">\n          <h1 class=\"entry-title mb-0\">\n            DATENSCHUTZRICHTLINIE          <\/h1>\n        <\/div>\n                    <div class=\"title-content flex-col\">\n        <ul class=\"nav sm-touch-scroll nav-line nav-uppercase text-center nav-center\"><li class=\"nav-single-page hidden\"><\/li><\/ul>      <\/div>\n    <\/div>\n\n     \n<style>\n#page-header-1557002206 .page-title-inner {\n  min-height: 173px;\n}\n#page-header-1557002206 {\n  margin-bottom: 40px;\n}\n#page-header-1557002206 .title-bg {\n  background-image: url(https:\/\/langedykvintagewatches.com\/wp-content\/uploads\/2023\/02\/Optie-1-LQ-wide.jpg);\n  background-position: 73% 54%;\n}\n#page-header-1557002206 .title-overlay {\n  background-color: rgba(29, 49, 56, 0.9);\n}\n#page-header-1557002206 .featured-title {\n  background-color: rgb(0,0,0);\n}\n<\/style>\n  <\/div>\n    <\/div>\n  \n<div class=\"row\"  id=\"row-255910026\">\n\n\t<div id=\"col-1159984463\" class=\"col small-12 large-12\"  >\n\t\t\t\t<div class=\"col-inner\"  >\n\t\t\t\n\t\t\t\n<p>Die Privatsph\u00e4re unserer Webseite-Besucher ist uns beziehungsweise Langedyk Vintage Watches und\/oder &#8222;langedykvintagewatches.com\u201d wichtig, und deshalb respektieren wir sie. Insbesondere respektieren wir die Rechte im Zusammenhang mit der Erfassung von personenbezogenen Daten \u00fcber unseren Webshop. Aus diesem Grund haben wir eine vollst\u00e4ndig transparente Politik entwickelt und umgesetzt. Diese deckt die Erhebung personenbezogener Daten, deren Nutzen und Ihre Rechte ab.<\/p>\n<p>Diese Datenschutzrichtlinie wird von Zeit zu Zeit, insofern dies erforderlich ist, aktualisiert; gegebenenfalls werden wir eine Aktualisierung auf unserer Webseite ver\u00f6ffentlichen. Soweit relevant, werden Sie per E-Mail \u00fcber \u00c4nderungen an unserer Datenschutzrichtlinie informiert.<\/p>\n<table class=\"lvw-table-list\">\n<tbody>\n<tr>\n<th colspan=\"2\">Artikel 1 &#8211; Zugriff auf die Webseite<\/th>\n<\/tr>\n<tr>\n<td colspan=\"2\">Der Zugriff auf diese Webseite und ihre Nutzung sind absolut vertraulich. Sie d\u00fcrfen die Daten und Informationen dieser Webseite nicht f\u00fcr Ihre eigenen kommerziellen, politischen oder werblichen Zwecke verwenden; Sie verzichten auf eine solche Verwendung.<\/td>\n<\/tr>\n<tr>\n<th colspan=\"2\">Artikel 2 &#8211; Inhalt der Webseite<\/th>\n<\/tr>\n<tr>\n<td colspan=\"2\">Alle auf dieser Webseite verwendeten Elemente wie Marken, Bilder, Texte, Kommentare, Videos und alle anderen technischen Anwendungen sind urheberrechtlich gesch\u00fctzt. Jegliche Form der Reproduktion, Wiederholung, Nutzung oder Anpassung in jeglicher Form, ganz oder teilweise, einschlie\u00dflich technischer Anwendungen, sind ohne die schriftliche Zustimmung des Inhabers oder Eigent\u00fcmers absolut verboten.<\/td>\n<\/tr>\n<tr>\n<th colspan=\"2\">Artikel 3 &#8211; Verwaltung der Webseite<\/th>\n<\/tr>\n<tr>\n<td colspan=\"2\">Um das optimale Funktionieren der Webseite zu gew\u00e4hrleisten, kann Langedyk Vintage Watches jederzeit:<\/td>\n<\/tr>\n<tr>\n<td>3.1<\/td>\n<td>Den Zugang zur Webseite f\u00fcr eine bestimmte Person oder Besuchergruppe unterbrechen, sperren, reduzieren oder verweigern.<\/td>\n<\/tr>\n<tr>\n<td>3.2<\/td>\n<td>Informationen, die das Funktionieren der Webseite verhindern, gegen nationales oder internationales Recht versto\u00dfen oder der Internetethik widersprechen, entfernen.<\/td>\n<\/tr>\n<tr>\n<td>3.3<\/td>\n<td>Die Webseite (vor\u00fcbergehend) offline nehmen, um Aktualisierungen und Verbesserungen vorzunehmen.<\/td>\n<\/tr>\n<tr>\n<th colspan=\"2\">Artikel 4 &#8211; Verantwortlichkeiten<\/th>\n<\/tr>\n<tr>\n<td>4.1<\/td>\n<td>Langedyk Vintage Watches ist in keiner Weise verantwortlich f\u00fcr M\u00e4ngel, St\u00f6rungen, Schwierigkeiten oder Unterbrechungen der Webseite, die zu einer (vor\u00fcbergehenden) Unerreichbarkeit der Webseite oder ihrer Funktionen f\u00fchren. Sie sind allein daf\u00fcr verantwortlich, wie Sie unsere Webseite nutzen. Sie m\u00fcssen alle notwendigen Ma\u00dfnahmen ergreifen, um Ihre eigenen Ger\u00e4te und Daten vor Gefahren wie Virenangriffen zu sch\u00fctzen.<\/td>\n<\/tr>\n<tr>\n<td>4.2<\/td>\n<td>Langedyk Vintage Watches haftet nicht f\u00fcr etwaige rechtliche Schritte, die gegen Sie eingeleitet werden, weil Sie die Webseite oder Dienstleistungen \u00fcber das Internet nutzen und dabei gegen die Bestimmungen dieser Datenschutzrichtlinie versto\u00dfen.<\/td>\n<\/tr>\n<tr>\n<th colspan=\"2\">Artikel 5 &#8211; Erfassung von personenbezogenen Daten und Angaben<\/th>\n<\/tr>\n<tr>\n<td>5.1<\/td>\n<td>Ihre personenbezogenen Daten werden von Langedyk Vintage Watches f\u00fcr verschiedene Zwecke verarbeitet.<\/td>\n<\/tr>\n<tr>\n<td>5.2<\/td>\n<td>Personenbezogene Daten sind alle Informationen, die sich auf eine identifizierbare oder identifizierte Person beziehen.<\/td>\n<\/tr>\n<tr>\n<td>5.3<\/td>\n<td>Eine identifizierbare Person ist eine Person, die direkt oder indirekt identifiziert werden kann. Insbesondere durch die R\u00fcckverfolgung eines Namens, einer Identifikationsnummer oder von Ortsdaten.<\/td>\n<\/tr>\n<tr>\n<td>5.4<\/td>\n<td>Die erfassten pers\u00f6nlichen Daten werden von Langedyk Vintage Watches nur verwendet, um eine (gesch\u00e4ftliche) Beziehung zu Ihnen zu unterhalten und, falls akzeptiert, um Sie bei der Bestellung zu unterst\u00fctzen.<\/td>\n<\/tr>\n<tr>\n<th colspan=\"2\">Artikel 6 &#8211; Ihre Rechte in Bezug auf Informationen<\/th>\n<\/tr>\n<tr>\n<td>6.1<\/td>\n<td>Gem\u00e4\u00df Artikel 13, Absatz 2, lit. b) AVG (DSGVO) hat jede identifizierbare Person das Recht auf Auskunft \u00fcber diese personenbezogenen Daten. Jede identifizierbare Person hat damit das Recht auf Berichtigung und\/oder L\u00f6schung und Einschr\u00e4nkung dieser personenbezogenen Daten. Sowie das Recht auf Widerspruch gegen die Verarbeitung und das Recht auf Daten\u00fcbertragbarkeit.<\/td>\n<\/tr>\n<tr>\n<td>6.2<\/td>\n<td>Sie k\u00f6nnen diese Rechte aus\u00fcben, indem Sie uns unter info@langedykvintagewatches.com kontaktieren.<\/td>\n<\/tr>\n<tr>\n<td>6.3<\/td>\n<td>Jedem Antrag muss eine Kopie eines g\u00fcltigen Identit\u00e4tsnachweises mit Unterschrift beigef\u00fcgt werden. Innerhalb eines Monats nach Absendung Ihres Antrags erhalten Sie von uns eine Antwort.<\/td>\n<\/tr>\n<tr>\n<td>6.4<\/td>\n<td>Je nach Komplexit\u00e4t und Anzahl der Antr\u00e4ge kann diese Frist auf zwei Monate verl\u00e4ngert werden.<\/td>\n<\/tr>\n<tr>\n<th colspan=\"2\">Artikel 7 &#8211; Gesetzliche Verpflichtungen<\/th>\n<\/tr>\n<tr>\n<td>7.1<\/td>\n<td>Im Falle eines Versto\u00dfes gegen ein Gesetz oder eine Vorschrift, dessen ein Besucher verd\u00e4chtigt wird, wird Langedyk Vintage Watches die entsprechenden pers\u00f6nlichen Daten auf Anfrage an die Beh\u00f6rden weitergeben. Dies geschieht nur auf ausdr\u00fcckliches und begr\u00fcndetes Verlangen der Beh\u00f6rden. Daraufhin unterliegen die personenbezogenen Daten nicht mehr dem Schutz dieser Datenschutzrichtlinie.<\/td>\n<\/tr>\n<tr>\n<td>7.2<\/td>\n<td>Wenn f\u00fcr den Zugang zu bestimmten Funktionen und\/oder Teilbereichen der Webseite Informationen erforderlich sind, pr\u00fcft Langedyk Vintage Watches, welche Ma\u00dfnahmen zwingend erforderlich sind, um Zugang zu diesen Informationen zu gew\u00e4hren.<\/td>\n<\/tr>\n<tr>\n<th colspan=\"2\">Artikel 8 &#8211; Personenbezogene Daten und kommerzielle Zwecke<\/th>\n<\/tr>\n<tr>\n<td>8.1<\/td>\n<td>M\u00f6glicherweise erhalten Sie von Langedyk Vintage Watches Werbung und Sonderangebote. Wenn Sie diese nicht (mehr) erhalten m\u00f6chten, k\u00f6nnen Sie eine E-Mail an info@langedykvintagewatches.com senden.<\/td>\n<\/tr>\n<tr>\n<td>8.2<\/td>\n<td>Selbstverst\u00e4ndlich werden Ihre pers\u00f6nlichen Daten von unseren Partnern nicht zu kommerziellen Zwecken verwendet.<\/td>\n<\/tr>\n<tr>\n<td>8.3<\/td>\n<td>Sollten Sie beim Besuch unserer Webseite auf andere personenbezogene Daten sto\u00dfen, bitten wir Sie, diese nicht weiter zu erfassen oder so zu handeln, dass die Privatsph\u00e4re anderer verletzt wird. Langedyk Vintage Watches ist unter diesen Umst\u00e4nden weder verantwortlich noch haftbar.<\/td>\n<\/tr>\n<tr>\n<th colspan=\"2\">Artikel 9 &#8211; Aufbewahrungsfrist der Daten<\/th>\n<\/tr>\n<tr>\n<td colspan=\"2\">Die erfassten Daten werden f\u00fcr eine bestimmte, rechtlich festgelegte Dauer verwendet und aufbewahrt.<\/td>\n<\/tr>\n<tr>\n<th colspan=\"2\">Artikel 10 &#8211; Bilder und angebotene Produkte<\/th>\n<\/tr>\n<tr>\n<td colspan=\"2\">Sie k\u00f6nnen keinerlei Rechte aus den Bildern ableiten, die mit den auf unserer Webseite www.langedykvintagewatches.com angebotenen Produkten gezeigt werden.<\/td>\n<\/tr>\n<tr>\n<th colspan=\"2\">Artikel 11 &#8211; Anwendbares Recht und Schiedsverfahren<\/th>\n<\/tr>\n<tr>\n<td colspan=\"2\">Alle Vertr\u00e4ge, auf die diese Bedingungen ganz oder teilweise anwendbar sind, unterliegen dem niederl\u00e4ndischen Recht. Alle Rechtsstreitigkeiten, die sich aus einem Vertrag, auf den diese Bedingungen ganz oder teilweise anwendbar sind, oder aus weiteren Vertr\u00e4gen ergeben k\u00f6nnen, werden vom zust\u00e4ndigen Gericht des Bezirksgerichts Noord-Holland entschieden.<\/td>\n<\/tr>\n<tr>\n<th colspan=\"2\">Artikel 12 &#8211; Kontakt<\/th>\n<\/tr>\n<tr>\n<td colspan=\"2\">F\u00fcr Fragen, Produktinformationen, bestellte Produkte oder Informationen \u00fcber die Webseite selbst, kontaktieren Sie uns bitte unter info@langedykvintagewatches.com.<\/td>\n<\/tr>\n<\/tbody>\n<\/table>\n\t\t<\/div>\n\t\t\t\t\t<\/div>\n\n\t\n<\/div>\n","protected":false},"excerpt":{"rendered":"","protected":false},"author":1,"featured_media":0,"parent":0,"menu_order":0,"comment_status":"closed","ping_status":"closed","template":"page-blank.php","meta":{"_acf_changed":false,"footnotes":""},"class_list":["post-46220","page","type-page","status-publish"],"acf":[],"_links":{"self":[{"href":"https:\/\/langedykvintagewatches.com\/de\/wp-json\/wp\/v2\/pages\/46220","targetHints":{"allow":["GET"]}}],"collection":[{"href":"https:\/\/langedykvintagewatches.com\/de\/wp-json\/wp\/v2\/pages"}],"about":[{"href":"https:\/\/langedykvintagewatches.com\/de\/wp-json\/wp\/v2\/types\/page"}],"author":[{"embeddable":true,"href":"https:\/\/langedykvintagewatches.com\/de\/wp-json\/wp\/v2\/users\/1"}],"replies":[{"embeddable":true,"href":"https:\/\/langedykvintagewatches.com\/de\/wp-json\/wp\/v2\/comments?post=46220"}],"version-history":[{"count":2,"href":"https:\/\/langedykvintagewatches.com\/de\/wp-json\/wp\/v2\/pages\/46220\/revisions"}],"predecessor-version":[{"id":46222,"href":"https:\/\/langedykvintagewatches.com\/de\/wp-json\/wp\/v2\/pages\/46220\/revisions\/46222"}],"wp:attachment":[{"href":"https:\/\/langedykvintagewatches.com\/de\/wp-json\/wp\/v2\/media?parent=46220"}],"curies":[{"name":"wp","href":"https:\/\/api.w.org\/{rel}","templated":true}]}}