{"id":46217,"date":"2023-08-21T14:27:32","date_gmt":"2023-08-21T14:27:32","guid":{"rendered":"https:\/\/langedykvintagewatches.com\/?page_id=46217"},"modified":"2023-08-21T14:27:32","modified_gmt":"2023-08-21T14:27:32","slug":"garantie","status":"publish","type":"page","link":"https:\/\/langedykvintagewatches.com\/de\/garantie\/","title":{"rendered":"GARANTIE"},"content":{"rendered":"  <div id=\"page-header-844962491\" class=\"page-header-wrapper\">\n  <div class=\"page-title dark featured-title has-parallax\">\n\n        <div class=\"page-title-bg\">\n      <div class=\"title-bg fill bg-fill\"\n        data-parallax-container=\".page-title\"\n        data-parallax-background\n        data-parallax=\"-4\">\n      <\/div>\n      <div class=\"title-overlay fill\"><\/div>\n    <\/div>\n    \n    <div class=\"page-title-inner container align-center text-center flex-row-col medium-flex-wrap\" >\n              <div class=\"title-wrapper is-larger flex-col\">\n          <h1 class=\"entry-title mb-0\">\n            GARANTIE          <\/h1>\n        <\/div>\n                    <div class=\"title-content flex-col\">\n        <ul class=\"nav sm-touch-scroll nav-line nav-uppercase text-center nav-center\"><li class=\"nav-single-page hidden\"><\/li><\/ul>      <\/div>\n    <\/div>\n\n     \n<style>\n#page-header-844962491 .page-title-inner {\n  min-height: 173px;\n}\n#page-header-844962491 {\n  margin-bottom: 40px;\n}\n#page-header-844962491 .title-bg {\n  background-image: url(https:\/\/langedykvintagewatches.com\/wp-content\/uploads\/2023\/02\/Optie-2-LQ-wide.jpg);\n  background-position: 71% 46%;\n}\n#page-header-844962491 .title-overlay {\n  background-color: rgba(29, 49, 56, 0.9);\n}\n#page-header-844962491 .featured-title {\n  background-color: rgb(0,0,0);\n}\n<\/style>\n  <\/div>\n    <\/div>\n  \n<div class=\"row\"  id=\"row-2122435166\">\n\n\t<div id=\"col-1563656469\" class=\"col small-12 large-12\"  >\n\t\t\t\t<div class=\"col-inner\"  >\n\t\t\t\n\t\t\t\n<h3><strong>GARANTIE<\/strong><\/h3>\n<p>Langedyk Vintage Watches bietet Ihnen eine 12-monatige Garantiezeit ab dem Kaufdatum. Sollte Ihre Uhr ohne Ihr Verschulden nicht einwandfrei funktionieren, reparieren wir sie kostenlos. Bitte beachten Sie, dass unsere Garantie lediglich f\u00fcr technische Defekte gilt.<\/p>\n<h3><strong>AUSSCHLUSS DER GARANTIE<\/strong><\/h3>\n<p>Wassersch\u00e4den, Diebstahl, Verlust, h\u00f6here Gewalt, Unf\u00e4lle oder Sch\u00e4den durch unsachgem\u00e4\u00dfen Gebrauch fallen nicht unter die vorgenannte Garantie. Ebenso wie alle \u00c4nderungen an der Uhr, die nicht von Langedyk Vintage Watches vorgenommen wurden, wie das Hinzuf\u00fcgen oder Ersetzen von Teilen, die nicht von uns stammen. Wir sind in keiner Weise f\u00fcr die Handlungen von Dritten oder Verbrauchern verantwortlich. Die Garantie erlischt sofort, sobald der urspr\u00fcngliche K\u00e4ufer von Langedyk Vintage Watches beschlie\u00dft, die Uhr an einen Dritten zu verkaufen.<\/p>\n<h3><strong>DEFEKTE UHR<\/strong><\/h3>\n<p>Wenn sich Ihre Uhr noch innerhalb der 12-monatigen Garantiezeit befindet, k\u00f6nnen Sie sie zur weiteren \u00dcberpr\u00fcfung an uns zur\u00fccksenden. Uhren aller Kunden von Langedyk Vintage Watches werden kostenlos repariert, wenn sich das Produkt noch innerhalb der Garantiezeit befindet. Um Ihre Uhr zur\u00fcckzusenden, senden Sie uns bitte einen Antrag \u00fcber das untenstehende Formular oder kontaktieren Sie uns unter info@langedykvintagewatches.com. <\/p>\n[caldera_form id=&#8220;CF5ea2ea7cc30d7&#8243;]\n\t\t<\/div>\n\t\t\t\t\t<\/div>\n\n\t\n<\/div>\n","protected":false},"excerpt":{"rendered":"","protected":false},"author":1,"featured_media":0,"parent":0,"menu_order":0,"comment_status":"closed","ping_status":"closed","template":"page-blank.php","meta":{"_acf_changed":false,"footnotes":""},"class_list":["post-46217","page","type-page","status-publish"],"acf":[],"_links":{"self":[{"href":"https:\/\/langedykvintagewatches.com\/de\/wp-json\/wp\/v2\/pages\/46217","targetHints":{"allow":["GET"]}}],"collection":[{"href":"https:\/\/langedykvintagewatches.com\/de\/wp-json\/wp\/v2\/pages"}],"about":[{"href":"https:\/\/langedykvintagewatches.com\/de\/wp-json\/wp\/v2\/types\/page"}],"author":[{"embeddable":true,"href":"https:\/\/langedykvintagewatches.com\/de\/wp-json\/wp\/v2\/users\/1"}],"replies":[{"embeddable":true,"href":"https:\/\/langedykvintagewatches.com\/de\/wp-json\/wp\/v2\/comments?post=46217"}],"version-history":[{"count":3,"href":"https:\/\/langedykvintagewatches.com\/de\/wp-json\/wp\/v2\/pages\/46217\/revisions"}],"predecessor-version":[{"id":47102,"href":"https:\/\/langedykvintagewatches.com\/de\/wp-json\/wp\/v2\/pages\/46217\/revisions\/47102"}],"wp:attachment":[{"href":"https:\/\/langedykvintagewatches.com\/de\/wp-json\/wp\/v2\/media?parent=46217"}],"curies":[{"name":"wp","href":"https:\/\/api.w.org\/{rel}","templated":true}]}}