{"id":46210,"date":"2023-08-21T14:21:59","date_gmt":"2023-08-21T14:21:59","guid":{"rendered":"https:\/\/langedykvintagewatches.com\/?page_id=46210"},"modified":"2023-08-21T14:22:28","modified_gmt":"2023-08-21T14:22:28","slug":"bezahlung","status":"publish","type":"page","link":"https:\/\/langedykvintagewatches.com\/de\/bezahlung\/","title":{"rendered":"BEZAHLUNG"},"content":{"rendered":"  <div id=\"page-header-566033320\" class=\"page-header-wrapper\">\n  <div class=\"page-title dark featured-title has-parallax\">\n\n        <div class=\"page-title-bg\">\n      <div class=\"title-bg fill bg-fill\"\n        data-parallax-container=\".page-title\"\n        data-parallax-background\n        data-parallax=\"-4\">\n      <\/div>\n      <div class=\"title-overlay fill\"><\/div>\n    <\/div>\n    \n    <div class=\"page-title-inner container align-center text-center flex-row-col medium-flex-wrap\" >\n              <div class=\"title-wrapper is-larger flex-col\">\n          <h1 class=\"entry-title mb-0\">\n            BEZAHLUNG          <\/h1>\n        <\/div>\n                    <div class=\"title-content flex-col\">\n        <ul class=\"nav sm-touch-scroll nav-line nav-uppercase text-center nav-center\"><li class=\"nav-single-page hidden\"><\/li><\/ul>      <\/div>\n    <\/div>\n\n     \n<style>\n#page-header-566033320 .page-title-inner {\n  min-height: 173px;\n}\n#page-header-566033320 {\n  margin-bottom: 40px;\n}\n#page-header-566033320 .title-bg {\n  background-image: url(https:\/\/langedykvintagewatches.com\/wp-content\/uploads\/2023\/02\/Optie-4-LQ-wide.jpg);\n  background-position: 32% 66%;\n}\n#page-header-566033320 .title-overlay {\n  background-color: rgba(29, 49, 56, 0.9);\n}\n#page-header-566033320 .featured-title {\n  background-color: rgb(0,0,0);\n}\n<\/style>\n  <\/div>\n    <\/div>\n  \n<div class=\"row\"  id=\"row-131061261\">\n\n\t<div id=\"col-1731148223\" class=\"col small-12 large-12\"  >\n\t\t\t\t<div class=\"col-inner\"  >\n\t\t\t\n\t\t\t\n<h2 id=\"payment-information\" tabindex=\"-1\">BEZAHLUNG<\/h2>\n<p>F\u00fcr unsere nationalen und internationalen Kunden bieten wir eine Reihe von Zahlungsmethoden an. Sobald wir die Zahlung oder die Zahlungsbest\u00e4tigung erhalten haben, versenden wir Ihre Bestellung innerhalb von 24 Stunden. Unsere Kunden erhalten grunds\u00e4tzlich eine Auftragsbest\u00e4tigung mit Bankverbindung vor der Zahlung. <\/p>\n<h3>KUNDEN INNERHALB DER NIEDERLANDE<\/h3>\n<p>Niederl\u00e4ndische Kunden k\u00f6nnen direkt mit Ideal bezahlen. Auf diese Weise aufgegebene Bestellungen werden innerhalb von 24 Stunden nach Kauf und Zahlungsbest\u00e4tigung versandt.<\/p>\n<h4>BARZAHLUNGEN<\/h4>\n<p>Kunden in den Niederlanden haben auch die M\u00f6glichkeit, in bar zu bezahlen. Wenn Sie zum Beispiel nicht im Voraus bezahlen m\u00f6chten, k\u00f6nnen Sie einen Termin mit uns im Gesch\u00e4ft vereinbaren. Wir helfen Ihnen dort gerne weiter.<\/p>\n<h3>INTERNATIONALE KUNDEN<\/h3>\n<p>Bestellungen k\u00f6nnen \u00fcber diese Webseite oder per Bank\u00fcberweisung (auf Rechnung) vorgenommen werden. Die auf diese Weise erteilten Auftr\u00e4ge werden noch am selben Tag nach Zahlungseingang oder Zahlungsbest\u00e4tigung verschickt. Internationale Kunden sollten beachten, dass wir nur Bank\u00fcberweisungen akzeptieren und dass es bei SEPA-Zahlungen bis zu 24 Stunden dauern kann, bis sie bei uns eingehen.<\/p>\n<h4>Sonstige wichtige Informationen<\/h4>\n<p>Wenn Sie eine Bestellung auf der Webseite vornehmen, ist es notwendig, dass Sie die Versanddaten immer deutlich ausf\u00fcllen. Dazu sollten Sie immer eine Adresse, Postleitzahl, Ort, ggf. Provinz \/ Bundesland, Land, Telefonnummer und eine E-Mail-Adresse angeben.<\/p>\n\t\t<\/div>\n\t\t\t\t\t<\/div>\n\n\t\n<\/div>\n","protected":false},"excerpt":{"rendered":"","protected":false},"author":1,"featured_media":0,"parent":0,"menu_order":0,"comment_status":"closed","ping_status":"closed","template":"page-blank.php","meta":{"_acf_changed":false,"footnotes":""},"class_list":["post-46210","page","type-page","status-publish"],"acf":[],"_links":{"self":[{"href":"https:\/\/langedykvintagewatches.com\/de\/wp-json\/wp\/v2\/pages\/46210","targetHints":{"allow":["GET"]}}],"collection":[{"href":"https:\/\/langedykvintagewatches.com\/de\/wp-json\/wp\/v2\/pages"}],"about":[{"href":"https:\/\/langedykvintagewatches.com\/de\/wp-json\/wp\/v2\/types\/page"}],"author":[{"embeddable":true,"href":"https:\/\/langedykvintagewatches.com\/de\/wp-json\/wp\/v2\/users\/1"}],"replies":[{"embeddable":true,"href":"https:\/\/langedykvintagewatches.com\/de\/wp-json\/wp\/v2\/comments?post=46210"}],"version-history":[{"count":3,"href":"https:\/\/langedykvintagewatches.com\/de\/wp-json\/wp\/v2\/pages\/46210\/revisions"}],"predecessor-version":[{"id":46213,"href":"https:\/\/langedykvintagewatches.com\/de\/wp-json\/wp\/v2\/pages\/46210\/revisions\/46213"}],"wp:attachment":[{"href":"https:\/\/langedykvintagewatches.com\/de\/wp-json\/wp\/v2\/media?parent=46210"}],"curies":[{"name":"wp","href":"https:\/\/api.w.org\/{rel}","templated":true}]}}