{"id":46207,"date":"2023-08-21T14:18:30","date_gmt":"2023-08-21T14:18:30","guid":{"rendered":"https:\/\/langedykvintagewatches.com\/?page_id=46207"},"modified":"2023-08-21T14:18:30","modified_gmt":"2023-08-21T14:18:30","slug":"lieferbedingungen","status":"publish","type":"page","link":"https:\/\/langedykvintagewatches.com\/de\/lieferbedingungen\/","title":{"rendered":"LIEFERBEDINGUNGEN"},"content":{"rendered":"  <div id=\"page-header-1224162854\" class=\"page-header-wrapper\">\n  <div class=\"page-title dark featured-title has-parallax\">\n\n        <div class=\"page-title-bg\">\n      <div class=\"title-bg fill bg-fill\"\n        data-parallax-container=\".page-title\"\n        data-parallax-background\n        data-parallax=\"-4\">\n      <\/div>\n      <div class=\"title-overlay fill\"><\/div>\n    <\/div>\n    \n    <div class=\"page-title-inner container align-center text-center flex-row-col medium-flex-wrap\" >\n              <div class=\"title-wrapper is-larger flex-col\">\n          <h1 class=\"entry-title mb-0\">\n            LIEFERBEDINGUNGEN          <\/h1>\n        <\/div>\n                    <div class=\"title-content flex-col\">\n        <ul class=\"nav sm-touch-scroll nav-line nav-uppercase text-center nav-center\"><li class=\"nav-single-page hidden\"><\/li><\/ul>      <\/div>\n    <\/div>\n\n     \n<style>\n#page-header-1224162854 .page-title-inner {\n  min-height: 173px;\n}\n#page-header-1224162854 {\n  margin-bottom: 40px;\n}\n#page-header-1224162854 .title-bg {\n  background-image: url(https:\/\/langedykvintagewatches.com\/wp-content\/uploads\/2023\/02\/Optie-3-LQ-wide.jpg);\n  background-position: 28% 50%;\n}\n#page-header-1224162854 .title-overlay {\n  background-color: rgba(29, 49, 56, 0.9);\n}\n#page-header-1224162854 .featured-title {\n  background-color: rgb(0,0,0);\n}\n<\/style>\n  <\/div>\n    <\/div>\n  \n<div class=\"row\"  id=\"row-392808878\">\n\n\t<div id=\"col-978943165\" class=\"col small-12 large-12\"  >\n\t\t\t\t<div class=\"col-inner\"  >\n\t\t\t\n\t\t\t\n<h3><strong>LIEFERBEDINGUNGEN<\/strong><\/h3>\n<p>Langedyk Vintage Watches stellt seinen Kunden weltweit eine kostenlose Lieferung zur Verf\u00fcgung. Nach Auftragseingang und Zahlungsbest\u00e4tigung wird jede Uhr auf der Webseite, insofern vorr\u00e4tig, innerhalb eines Arbeitstages versandt. Die Bestellungen werden sorgf\u00e4ltig verpackt und mit umfassender Versicherung verschickt.<\/p>\n<p>Bestellungen innerhalb der Niederlande werden \u00fcber PostNL verschickt. Alle internationalen Bestellungen werden mit DHL Express zugestellt. Bitte setzen Sie sich mit uns in Verbindung, wenn Sie eine andere Versandart oder ein anderes Versandunternehmen w\u00fcnschen oder Ihre Bestellung in unserem Gesch\u00e4ft abholen m\u00f6chten.<\/p>\n<h3><strong>ZOLLGEB\u00dcHREN UND EINFUHRZ\u00d6LLE<\/strong><\/h3>\n<p>Bitte beachten Sie, dass das Zielland f\u00fcr den Versand au\u00dferhalb der Niederlande Zollgeb\u00fchren oder Einfuhrz\u00f6lle erheben kann. Diese Kosten sind nicht in unserem Produktpreis enthalten und gehen folglich zu Lasten des Kunden. Wenn Sie weitere Fragen zum Versand in Ihr Land haben, kontaktieren Sie uns bitte unter: info@langedykvintagewatches.com.<\/p>\n<h3><strong>VORAUSSICHTLICHE LIEFERZEITEN<\/strong><\/h3>\n<p>Die Lieferzeit einer Sendung kann je nach Land variieren. Im Normalfall werden Pakete innerhalb der Niederlande am n\u00e4chsten Werktag zugestellt. Bestellungen innerhalb Europas erfolgen normalerweise innerhalb von zwei bis drei Werktagen. F\u00fcr Kunden au\u00dferhalb Europas rechnen wir mit einer Lieferzeit von f\u00fcnf Werktagen.<\/p>\n\t\t<\/div>\n\t\t\t\t\t<\/div>\n\n\t\n<\/div>\n","protected":false},"excerpt":{"rendered":"","protected":false},"author":1,"featured_media":0,"parent":0,"menu_order":0,"comment_status":"closed","ping_status":"closed","template":"page-blank.php","meta":{"_acf_changed":false,"footnotes":""},"class_list":["post-46207","page","type-page","status-publish"],"acf":[],"_links":{"self":[{"href":"https:\/\/langedykvintagewatches.com\/de\/wp-json\/wp\/v2\/pages\/46207","targetHints":{"allow":["GET"]}}],"collection":[{"href":"https:\/\/langedykvintagewatches.com\/de\/wp-json\/wp\/v2\/pages"}],"about":[{"href":"https:\/\/langedykvintagewatches.com\/de\/wp-json\/wp\/v2\/types\/page"}],"author":[{"embeddable":true,"href":"https:\/\/langedykvintagewatches.com\/de\/wp-json\/wp\/v2\/users\/1"}],"replies":[{"embeddable":true,"href":"https:\/\/langedykvintagewatches.com\/de\/wp-json\/wp\/v2\/comments?post=46207"}],"version-history":[{"count":2,"href":"https:\/\/langedykvintagewatches.com\/de\/wp-json\/wp\/v2\/pages\/46207\/revisions"}],"predecessor-version":[{"id":46209,"href":"https:\/\/langedykvintagewatches.com\/de\/wp-json\/wp\/v2\/pages\/46207\/revisions\/46209"}],"wp:attachment":[{"href":"https:\/\/langedykvintagewatches.com\/de\/wp-json\/wp\/v2\/media?parent=46207"}],"curies":[{"name":"wp","href":"https:\/\/api.w.org\/{rel}","templated":true}]}}