{"id":46200,"date":"2023-08-21T14:13:39","date_gmt":"2023-08-21T14:13:39","guid":{"rendered":"https:\/\/langedykvintagewatches.com\/?page_id=46200"},"modified":"2026-01-07T12:35:42","modified_gmt":"2026-01-07T11:35:42","slug":"uber-uns","status":"publish","type":"page","link":"https:\/\/langedykvintagewatches.com\/de\/uber-uns\/","title":{"rendered":"\u00dcber uns"},"content":{"rendered":"  <div id=\"page-header-255347897\" class=\"page-header-wrapper\">\n  <div class=\"page-title dark featured-title has-parallax\">\n\n        <div class=\"page-title-bg\">\n      <div class=\"title-bg fill bg-fill\"\n        data-parallax-container=\".page-title\"\n        data-parallax-background\n        data-parallax=\"-4\">\n      <\/div>\n      <div class=\"title-overlay fill\"><\/div>\n    <\/div>\n    \n    <div class=\"page-title-inner container align-center text-center flex-row-col medium-flex-wrap\" >\n              <div class=\"title-wrapper is-larger flex-col\">\n          <h1 class=\"entry-title mb-0\">\n            \u00dcber uns          <\/h1>\n        <\/div>\n                    <div class=\"title-content flex-col\">\n        <ul class=\"nav sm-touch-scroll nav-line nav-uppercase text-center nav-center\"><li class=\"nav-single-page hidden\"><\/li><\/ul>      <\/div>\n    <\/div>\n\n     \n<style>\n#page-header-255347897 .page-title-inner {\n  min-height: 173px;\n}\n#page-header-255347897 {\n  margin-bottom: 40px;\n}\n#page-header-255347897 .title-bg {\n  background-image: url(https:\/\/langedykvintagewatches.com\/wp-content\/uploads\/2022\/03\/Optie-2-LQ.jpg);\n  background-position: 2% 59%;\n}\n#page-header-255347897 .title-overlay {\n  background-color: rgba(29, 49, 56, 0.9);\n}\n#page-header-255347897 .featured-title {\n  background-color: rgb(0,0,0);\n}\n<\/style>\n  <\/div>\n    <\/div>\n  \n\n\t<section class=\"section\" id=\"section_1631898555\">\n\t\t<div class=\"section-bg fill\" >\n\t\t\t\t\t\t\t\t\t\n\t\t\t\n\n\t\t<\/div>\n\n\t\t\n\n\t\t<div class=\"section-content relative\">\n\t\t\t\n<div class=\"row align-middle\"  id=\"row-1068202626\">\n\n\t<div id=\"col-968550659\" class=\"col medium-6 small-12 large-6\"  >\n\t\t\t\t<div class=\"col-inner\"  >\n\t\t\t\n\t\t\t\n<h1 data-start=\"60\" data-end=\"85\">Ein Hervorragender Ruf<\/h1>\n<p class=\"\" data-start=\"87\" data-end=\"363\">Was einst als Leidenschaft f\u00fcr Luxusuhren begann, hat sich zu <strong data-start=\"149\" data-end=\"177\">Langedyk Vintage Watches<\/strong> entwickelt \u2013 einem etablierten Namen in der internationalen Uhrenwelt, bekannt f\u00fcr einen hervorragenden Ruf, der auf Zuverl\u00e4ssigkeit, Qualit\u00e4t und erstklassigem Service basiert.<\/p>\n<p class=\"\" data-start=\"365\" data-end=\"756\">Mit jahrelanger Erfahrung im Bereich luxuri\u00f6ser Zeitmesser sind wir auf den <strong data-start=\"441\" data-end=\"477\">An- und Verkauf exklusiver Uhren<\/strong> der Marken <strong data-start=\"489\" data-end=\"534\">Rolex, Patek Philippe und Audemars Piguet<\/strong> spezialisiert. Jede Uhr in unserer Kollektion wird sorgf\u00e4ltig auf Authentizit\u00e4t, Zustand und \u00c4sthetik gepr\u00fcft. Bei uns kaufen Sie nicht nur eine Uhr \u2013 Sie erhalten die Sicherheit eines vertrauensw\u00fcrdigen H\u00e4ndlers.<\/p>\n<p class=\"\" data-start=\"758\" data-end=\"1250\">Das Team von Langedyk Vintage Watches verf\u00fcgt \u00fcber umfassende Expertise in einer Vielzahl renommierter Luxusmarken. Neben Rolex, Patek Philippe und Audemars Piguet. Ob Sie Ihre erste Luxusuhr erwerben oder Ihre Sammlung um ein au\u00dfergew\u00f6hnliches St\u00fcck erweitern m\u00f6chten \u2013 auf unsere fachkundige Beratung und ehrliche Einsch\u00e4tzung k\u00f6nnen Sie sich verlassen.<\/p>\n\t\t<\/div>\n\t\t\t\t\t<\/div>\n\n\t\n\n\t<div id=\"col-373085615\" class=\"col medium-6 small-12 large-6\"  >\n\t\t\t\t<div class=\"col-inner\"  >\n\t\t\t\n\t\t\t\n\n  <div class=\"banner has-hover\" id=\"banner-1273633671\">\n          <div class=\"banner-inner fill\">\n        <div class=\"banner-bg fill\" >\n            <img loading=\"lazy\" decoding=\"async\" width=\"2560\" height=\"1707\" src=\"https:\/\/langedykvintagewatches.com\/wp-content\/uploads\/2025\/05\/2E0B3555-1CG-8M-scaled.jpg\" class=\"bg attachment-original size-original\" alt=\"\" title=\"\">                                    \n                    <\/div>\n\t\t\n        <div class=\"banner-layers container\">\n            <div class=\"fill banner-link\"><\/div>            \n        <\/div>\n      <\/div>\n\n            \n<style>\n#banner-1273633671 {\n  padding-top: 80%;\n}\n#banner-1273633671 .banner-bg img {\n  object-position: 88% 29%;\n}\n<\/style>\n  <\/div>\n\n\n\t\t<\/div>\n\t\t\t\t\t<\/div>\n\n\t\n<\/div>\n\t<div id=\"gap-471828335\" class=\"gap-element clearfix\" style=\"display:block; height:auto;\">\n\t\t\n<style>\n#gap-471828335 {\n  padding-top: 2%;\n}\n<\/style>\n\t<\/div>\n\t\n<div class=\"row align-middle\"  id=\"row-1970854046\">\n\n\t<div id=\"col-259639274\" class=\"col medium-6 small-12 large-6\"  >\n\t\t\t\t<div class=\"col-inner\"  >\n\t\t\t\n\t\t\t\n\n  <div class=\"banner has-hover\" id=\"banner-1919548216\">\n          <div class=\"banner-inner fill\">\n        <div class=\"banner-bg fill\" >\n            <img loading=\"lazy\" decoding=\"async\" width=\"2560\" height=\"1707\" src=\"https:\/\/langedykvintagewatches.com\/wp-content\/uploads\/2025\/05\/2E0B3637-1CG-8M-scaled.jpg\" class=\"bg attachment-original size-original\" alt=\"\" title=\"\">                                    \n                    <\/div>\n\t\t\n        <div class=\"banner-layers container\">\n            <div class=\"fill banner-link\"><\/div>            \n        <\/div>\n      <\/div>\n\n            \n<style>\n#banner-1919548216 {\n  padding-top: 90%;\n}\n#banner-1919548216 .banner-bg img {\n  object-position: 12% 46%;\n}\n<\/style>\n  <\/div>\n\n\n\t\t<\/div>\n\t\t\t\t\t<\/div>\n\n\t\n\n\t<div id=\"col-896660259\" class=\"col medium-6 small-12 large-6\"  >\n\t\t\t\t<div class=\"col-inner\"  >\n\t\t\t\n\t\t\t\n<h2 class=\"\" data-start=\"63\" data-end=\"90\">Besuch nach Vereinbarung<\/h2>\n<p class=\"\" data-start=\"92\" data-end=\"567\">Bei Langedyk Vintage Watches empfangen wir unsere Kunden gerne nach Terminvereinbarung in unserem stilvollen Geb\u00e4ude an der <strong data-start=\"224\" data-end=\"266\">Jan Duikerweg 5, 1703 DH Heerhugowaard<\/strong>. Unsere geschmackvoll eingerichteten Empfangsr\u00e4ume schaffen eine angenehme Atmosph\u00e4re, in der wir Sie umfassend und pers\u00f6nlich beraten k\u00f6nnen. Individuelle Betreuung, Transparenz und aufrichtiges Interesse stehen dabei im Mittelpunkt \u2013 damit Sie sich wohlf\u00fchlen, wenn Sie Ihre Traumuhr ausw\u00e4hlen.<\/p>\n<h3 data-start=\"574\" data-end=\"591\">\u00d6ffnungszeiten<\/h3>\n<p class=\"\" data-start=\"593\" data-end=\"951\">Wir sind <strong data-start=\"602\" data-end=\"655\">t\u00e4glich nach Vereinbarung von 09:30 bis 18:00 Uhr<\/strong> f\u00fcr Sie da. Durch die Arbeit auf Terminbasis k\u00f6nnen wir Ihnen eine ruhige, exklusive Beratung bieten \u2013 genau das, was Sie beim Kauf einer Luxusuhr erwarten d\u00fcrfen. Da sich unsere Uhren au\u00dferhalb des Standorts befinden, bitten wir Sie, uns im Voraus mitzuteilen, welche Modelle Sie interessieren.<\/p>\n<h3 data-start=\"958\" data-end=\"985\">Besichtigung vereinbaren<\/h3>\n<p class=\"\" data-start=\"987\" data-end=\"1263\">Auch nach dem Kauf k\u00f6nnen Sie weiterhin auf unseren <strong data-start=\"1039\" data-end=\"1085\">Service, unsere Beratung und Unterst\u00fctzung<\/strong> z\u00e4hlen. Haben Sie Fragen oder m\u00f6chten Sie eine Uhr besichtigen? <strong data-start=\"1150\" data-end=\"1193\">Vereinbaren Sie noch heute einen Termin<\/strong> \u00fcber unser Kontaktformular oder telefonisch unter <strong data-start=\"1244\" data-end=\"1262\">+31616168642<\/strong>.<\/p>\n\t\t<\/div>\n\t\t\t\t\t<\/div>\n\n\t\n<\/div>\n\t\t<\/div>\n\n\t\t\n<style>\n#section_1631898555 {\n  padding-top: 2%;\n  padding-bottom: 2%;\n}\n<\/style>\n\t<\/section>\n\t\n","protected":false},"excerpt":{"rendered":"","protected":false},"author":1,"featured_media":0,"parent":0,"menu_order":0,"comment_status":"closed","ping_status":"closed","template":"page-blank.php","meta":{"_acf_changed":false,"footnotes":""},"class_list":["post-46200","page","type-page","status-publish"],"acf":[],"_links":{"self":[{"href":"https:\/\/langedykvintagewatches.com\/de\/wp-json\/wp\/v2\/pages\/46200","targetHints":{"allow":["GET"]}}],"collection":[{"href":"https:\/\/langedykvintagewatches.com\/de\/wp-json\/wp\/v2\/pages"}],"about":[{"href":"https:\/\/langedykvintagewatches.com\/de\/wp-json\/wp\/v2\/types\/page"}],"author":[{"embeddable":true,"href":"https:\/\/langedykvintagewatches.com\/de\/wp-json\/wp\/v2\/users\/1"}],"replies":[{"embeddable":true,"href":"https:\/\/langedykvintagewatches.com\/de\/wp-json\/wp\/v2\/comments?post=46200"}],"version-history":[{"count":9,"href":"https:\/\/langedykvintagewatches.com\/de\/wp-json\/wp\/v2\/pages\/46200\/revisions"}],"predecessor-version":[{"id":100955,"href":"https:\/\/langedykvintagewatches.com\/de\/wp-json\/wp\/v2\/pages\/46200\/revisions\/100955"}],"wp:attachment":[{"href":"https:\/\/langedykvintagewatches.com\/de\/wp-json\/wp\/v2\/media?parent=46200"}],"curies":[{"name":"wp","href":"https:\/\/api.w.org\/{rel}","templated":true}]}}